{"id":314,"date":"2023-05-29T20:58:18","date_gmt":"2023-05-29T20:58:18","guid":{"rendered":"http:\/\/archresourcesgroup.com\/honesty\/?page_id=314"},"modified":"2024-04-24T10:43:18","modified_gmt":"2024-04-24T16:43:18","slug":"aviso-1","status":"publish","type":"page","link":"http:\/\/archresourcesgroup.com\/honesty\/avisos-de-privacidad-mex\/aviso-1\/","title":{"rendered":"Aviso de Privacidad Integral para Terceros relacionados con Trabajadores."},"content":{"rendered":"\t\t<div data-elementor-type=\"wp-page\" data-elementor-id=\"314\" class=\"elementor elementor-314\" data-elementor-post-type=\"page\">\n\t\t\t\t\t\t<section class=\"elementor-section elementor-top-section elementor-element elementor-element-b8da782 elementor-section-boxed elementor-section-height-default elementor-section-height-default\" data-id=\"b8da782\" data-element_type=\"section\" data-e-type=\"section\">\n\t\t\t\t\t\t<div class=\"elementor-container elementor-column-gap-default\">\n\t\t\t\t\t<div class=\"elementor-column elementor-col-100 elementor-top-column elementor-element elementor-element-03faac3\" data-id=\"03faac3\" data-element_type=\"column\" data-e-type=\"column\">\n\t\t\t<div class=\"elementor-widget-wrap elementor-element-populated\">\n\t\t\t\t\t\t<div class=\"elementor-element elementor-element-fe409a9 elementor-widget elementor-widget-heading\" data-id=\"fe409a9\" data-element_type=\"widget\" data-e-type=\"widget\" data-widget_type=\"heading.default\">\n\t\t\t\t<div class=\"elementor-widget-container\">\n\t\t\t\t\t<h2 class=\"elementor-heading-title elementor-size-large\">Aviso de Privacidad Integral para Terceros relacionados con Trabajadores.<\/h2>\t\t\t\t<\/div>\n\t\t\t\t<\/div>\n\t\t\t\t\t<\/div>\n\t\t<\/div>\n\t\t\t\t\t<\/div>\n\t\t<\/section>\n\t\t\t\t<section class=\"elementor-section elementor-top-section elementor-element elementor-element-4215f37 elementor-section-boxed elementor-section-height-default elementor-section-height-default\" data-id=\"4215f37\" data-element_type=\"section\" data-e-type=\"section\">\n\t\t\t\t\t\t<div class=\"elementor-container elementor-column-gap-default\">\n\t\t\t\t\t<div class=\"elementor-column elementor-col-100 elementor-top-column elementor-element elementor-element-9fc4d84\" data-id=\"9fc4d84\" data-element_type=\"column\" data-e-type=\"column\">\n\t\t\t<div class=\"elementor-widget-wrap elementor-element-populated\">\n\t\t\t\t\t\t<div class=\"elementor-element elementor-element-8e5c45d elementor-widget elementor-widget-spacer\" data-id=\"8e5c45d\" data-element_type=\"widget\" data-e-type=\"widget\" data-widget_type=\"spacer.default\">\n\t\t\t\t<div class=\"elementor-widget-container\">\n\t\t\t\t\t\t\t<div class=\"elementor-spacer\">\n\t\t\t<div class=\"elementor-spacer-inner\"><\/div>\n\t\t<\/div>\n\t\t\t\t\t\t<\/div>\n\t\t\t\t<\/div>\n\t\t\t\t<div class=\"elementor-element elementor-element-9e0e391 elementor-widget elementor-widget-text-editor\" data-id=\"9e0e391\" data-element_type=\"widget\" data-e-type=\"widget\" data-widget_type=\"text-editor.default\">\n\t\t\t\t<div class=\"elementor-widget-container\">\n\t\t\t\t\t\t\t\t\t<p><strong>I. Identidad y domicilio del Responsable del Tratamiento<\/strong><br><strong>&nbsp;<\/strong><\/p>\n<p>El Responsable del Tratamiento de los datos personales que usted proporciona es <strong>Wow venta y promoci\u00f3n en el sureste, S. de R.L. de C.V., (en adelante \u201cWOW\u201d o el \u201cResponsable\u201d),<\/strong> con domicilio en <span dir=\"ltr\">Camino Real a Tetelpan 207, colonia Camino Real a Tetelpan, Alcald\u00eda \u00c1lvaro Obreg\u00f3n, C.P. 01700, Ciudad de M\u00e9xico<\/span>, mismo para o\u00edr y recibir notificaciones.<\/p>\n<p><strong style=\"color: var( --e-global-color-text ); font-family: var( --e-global-typography-text-font-family ), Sans-serif; font-size: var( --e-global-typography-text-font-size );\">II. Datos personales recabados<\/strong><\/p>\n<p><strong>&nbsp;<\/strong><\/p>\n<p>A efecto de cumplir con las finalidades se\u00f1aladas en el presente Aviso, el Responsable tratar\u00e1 datos personales de identificaci\u00f3n, contacto y laborales.<\/p>\n<p>Le informamos que ocasionalmente podr\u00e1n tratarse datos personales patrimoniales, cuando un trabajador de WOW deba pagarle alguna cantidad en dinero y dicha obligaci\u00f3n de pago se ejecute a trav\u00e9s de WOW.<\/p><p><br><\/p>\n<p><strong>III. Finalidades para del tratamiento<\/strong><\/p>\n<p><strong>&nbsp;<\/strong><\/p>\n<p>El Responsable tratar\u00e1 sus datos personales para las siguientes finalidades primarias:<\/p>\n<ol>\n<li>Archivar sus datos en el expediente del candidato a trabajador, o trabajador, seg\u00fan corresponda.<\/li>\n<li>Localizarlo para realizar validaci\u00f3n de referencias laborales o personales de un candidato a trabajador.<\/li>\n<li>Contactarlo por el medio que el trabajador hubiera indicado para comunicarle alguna emergencia o cualquier situaci\u00f3n urgente, relacionada a \u00e9l.<\/li>\n<li>Prestarle servicio de alta-baja de roles, administraci\u00f3n y soporte t\u00e9cnico respecto de las herramientas o sistemas de los que haga uso y administre el Responsable.<\/li>\n<li>En su caso, iniciar, realizar y dar seguimiento a tr\u00e1mites relacionados con seguros en los que el trabajador relacionado con usted sea titular.<\/li>\n<li>Hacerle llegar documentaci\u00f3n por mensajer\u00eda para su revisi\u00f3n, firma, aceptaci\u00f3n, conocimiento y\/o uso.<\/li>\n<li>Identificarlo para autorizar su ingreso a instalaciones de<\/li>\n<li>En caso de que se comunique v\u00eda telef\u00f3nica a WOW, brindarle la atenci\u00f3n requerida.<\/li>\n<li>Dar seguimiento y atenci\u00f3n a solicitudes de tr\u00e1mites realizadas ante el Responsable.<\/li>\n<li>En caso de que el trabajador relacionado con usted sea beneficiario del servicio de l\u00ednea de apoyo, proporcionarlo tambi\u00e9n para usted.<\/li>\n<li>En caso de estar en instalaciones del Responsable y sufrir alg\u00fan accidente, prestarle el auxilio que sea requerido.<\/li>\n<li>Realizar reportes de operaci\u00f3n, estad\u00edsticos o hist\u00f3ricos.<\/li>\n<li>En su caso, a trav\u00e9s de sistemas de videovigilancia, el monitoreo de las actividades realizadas en instalaciones de WOW.<\/li>\n<li>Proporcionar seguridad a trav\u00e9s de los sistemas de videovigilancia.<\/li>\n<li>Autorizar, gestionar, efectuar, registrar, controlar, monitorear, dar seguimiento y realizar informes de pagos en dinero que le son adeudados por alg\u00fan trabajador del Responsable y el pago se deba realizar a trav\u00e9s de \u00e9ste \u00faltimo por requisito de autoridad.<\/li>\n<\/ol>\n<p><strong><br><\/strong><strong style=\"color: var( --e-global-color-text ); font-family: var( --e-global-typography-text-font-family ), Sans-serif; font-size: var( --e-global-typography-text-font-size );\">IV.&nbsp;<u>Finalidades secundarias<\/u><\/strong><\/p><p><strong style=\"color: var( --e-global-color-text ); font-family: var( --e-global-typography-text-font-family ), Sans-serif; font-size: var( --e-global-typography-text-font-size );\"><u><br><\/u><\/strong><\/p>\n<p>Adicionalmente, utilizaremos sus datos personales para las siguientes finalidades secundarias:<\/p>\n<ol>\n<li>El Responsable podr\u00e1 contactarlo para prospectarlo como cliente y ofrecer sus servicios por diversos medios, tales como tel\u00e9fono, correo electr\u00f3nico, mensajes SMS, herramientas de mensajer\u00eda instant\u00e1nea como Whastapp o Telegram, o a trav\u00e9s de redes sociales.<\/li>\n<li>Invitarlo a eventos organizados por el Responsable.<\/li>\n<li>Contar con un control de asistentes a eventos de WOW.<\/li>\n<li>Contar con evidencia de la ejecuci\u00f3n de eventos del Responsable.<\/li>\n<li>Hacerle llegar el Newsletter de WOW.<\/li>\n<li>Hacerle llegar informaci\u00f3n de WOW.<\/li>\n<li>Elaboraci\u00f3n y publicaci\u00f3n de publicidad con sus datos de identificaci\u00f3n.<\/li>\n<\/ol>\n<p>En caso de que no desee que sus datos personales sean tratados para alguna o todas las finalidades secundarias, desde este momento usted puede comunic\u00e1rnoslo enviando un correo electr\u00f3nico a la direcci\u00f3n&nbsp; <a href=\"mailto:privacidad@wowventaypromocionenelsureste.com\"><strong>privacidad@wowventaypromocionenelsureste.com<\/strong><\/a>.<\/p>\n<p>La negativa para el uso de sus datos personales para finalidades secundarias, no podr\u00e1 ser motivo para negarle los servicios solicitados o dar por terminada la relaci\u00f3n establecida con nosotros.<\/p>\n<p>Asimismo, usted cuenta con el plazo de 5 (cinco) d\u00edas h\u00e1biles, a partir del primer contacto del Responsable con usted, a efecto de enviar un correo a la direcci\u00f3n&nbsp; <a href=\"mailto:privacidad@wowventaypromocionenelsureste.com\"><strong>privacidad@wowventaypromocionenelsureste.com<\/strong><\/a><strong>,<\/strong> para manifestar su negativa al tratamiento de sus datos personales.<\/p><p><br><\/p>\n<p><span style=\"color: var( --e-global-color-text ); font-family: var( --e-global-typography-text-font-family ), Sans-serif; font-size: var( --e-global-typography-text-font-size );\"><u style=\"font-weight: bold;\">V. Transferencias<\/u><\/span><\/p><p><span style=\"color: var( --e-global-color-text ); font-family: var( --e-global-typography-text-font-family ), Sans-serif; font-size: var( --e-global-typography-text-font-size );\"><u style=\"font-weight: bold;\"><br><\/u><\/span><\/p>\n<p>Para dar cumplimiento a las finalidades que se escribieron anteriormente y otras que sean exigidas legalmente o por autoridades competentes, a trav\u00e9s de solicitud fundada y motivada, se realizar\u00e1n las siguientes transferencias sus datos personales:<\/p>\n<table>\n<tbody>\n<tr>\n<td width=\"160\"><strong>Tercero receptor<\/strong><\/td>\n<td width=\"312\"><strong>Finalidad(es)<\/strong><\/td>\n<td width=\"154\"><strong>Consentimiento<\/strong><\/td>\n<\/tr>\n<tr>\n<td width=\"160\">Empresas subsidiarias o filiales<\/td>\n<td width=\"312\">\n<p>&#8211; Tratamiento para finalidades primarias.<\/p>\n<\/td>\n<td width=\"154\">No necesario<\/td>\n<\/tr>\n<tr>\n<td width=\"160\">Instituciones bancarias<\/td>\n<td width=\"312\">&#8211; Realizar gestiones de pago.<\/td>\n<td width=\"154\">No necesario<\/td>\n<\/tr>\n<tr>\n<td width=\"160\">Aseguradoras<\/td>\n<td width=\"312\">\n<p>&#8211; En caso de sufrir alg\u00fan accidente en las instalaciones del Responsable y sea requerido prestarle auxilio.<\/p>\n<p>&#8211; En caso de ser beneficiario de un seguro de gastos m\u00e9dicos y\/o vida, hacer del conocimiento de dicho tercero el estatus de vacunaci\u00f3n, a efecto de que sean ejecutadas las acciones conducentes a la contrataci\u00f3n, gesti\u00f3n y administraci\u00f3n del servicio de que se trate.<\/p>\n<\/td>\n<td width=\"154\">No necesario<\/td>\n<\/tr>\n<tr>\n<td width=\"160\">Familiares<\/td>\n<td width=\"312\">&#8211; En caso de sufrir alg\u00fan accidente en las instalaciones del Responsable y sea requerido dar aviso a un familiar.<\/td>\n<td width=\"154\">No necesario<\/td>\n<\/tr>\n<tr>\n<td width=\"160\">Empresas de arrendamiento de inmuebles en donde preste servicios WOW<\/td>\n<td width=\"312\">&#8211; Gestionar su acceso a instalaciones del Responsable.<\/td>\n<td width=\"154\">No necesario<\/td>\n<\/tr>\n<tr>\n<td width=\"160\">Autoridades competentes<\/td>\n<td width=\"312\">&#8211; Dar cumplimiento a requerimientos de autoridades competentes, previa solicitud debidamente fundada y motivada.<\/td>\n<td width=\"154\">No necesario<\/td>\n<\/tr>\n<tr>\n<td width=\"160\">Asociaciones<\/td>\n<td width=\"312\">&#8211; Dar cumplimiento a auditor\u00edas.<\/td>\n<td width=\"154\">No necesario<\/td>\n<\/tr>\n<tr>\n<td width=\"160\">Empresas subsidiarias o filiales o socias<\/td>\n<td width=\"312\">&#8211; Participaci\u00f3n en programas de lealtad, fidelidad, y en su caso, servicios orientados al crecimiento profesional y financiero.<\/td>\n<td width=\"154\">Necesario<\/td>\n<\/tr>\n<tr>\n<td width=\"160\">Clientes WOW<\/td>\n<td width=\"312\">&#8211; Contactarlo por el medio que el trabajador hubiera indicado para comunicarle alguna emergencia o cualquier situaci\u00f3n urgente, relacionada con dicho trabajador.<\/td>\n<td width=\"154\">No necesario<\/td>\n<\/tr>\n<\/tbody>\n<\/table>\n<p>Si usted no desea que sus datos personales sean tratados respecto de aquellas transferencias, sobre las cu\u00e1les es necesario su consentimiento, le pedimos que env\u00ede un correo electr\u00f3nico a la direcci\u00f3n &nbsp;<a href=\"mailto:privacidad@wowventaypromocionenelsureste.com\"><strong>privacidad@wowventaypromocionenelsureste.com<\/strong><\/a>.<\/p><p><br><\/p>\n<p><strong style=\"color: var( --e-global-color-text ); font-family: var( --e-global-typography-text-font-family ), Sans-serif; font-size: var( --e-global-typography-text-font-size );\"><u>VI. Derechos ARCO y\/o revocaci\u00f3n del consentimiento<\/u><\/strong><\/p><p><strong style=\"color: var( --e-global-color-text ); font-family: var( --e-global-typography-text-font-family ), Sans-serif; font-size: var( --e-global-typography-text-font-size );\"><u><br><\/u><\/strong><\/p>\n<p>Usted o su representante legal podr\u00e1n ejercer cualquiera de los derechos de acceso, rectificaci\u00f3n, cancelaci\u00f3n u oposici\u00f3n, tambi\u00e9n conocidos como derechos ARCO, as\u00ed como revocar su consentimiento para el tratamiento de sus datos, comunic\u00e1ndose v\u00eda correo electr\u00f3nico a la direcci\u00f3n <a href=\"mailto:privacidad@wowventaypromocionenelsureste.com\"><strong>privacidad@wowventaypromocionenelsureste.com<\/strong><\/a>, el cual es administrado y atendido por nuestro Departamento de Datos Personales con domicilio en&nbsp;<span dir=\"ltr\">Camino Real a Tetelpan 207, colonia Camino Real a Tetelpan, Alcald\u00eda \u00c1lvaro Obreg\u00f3n, C.P. 01700, Ciudad de M\u00e9xico<\/span>.<\/p><p><br><\/p>\n<p>Deber\u00e1 presentar una solicitud en la que se: <strong>(i)<\/strong> Indique el nombre del solicitante, y en su caso, de su representante legal; <strong>(ii)<\/strong> Acredite la personalidad del solicitante, y en su caso, de su representante legal; <strong>(iii) <\/strong>Indique el domicilio y\/o correo electr\u00f3nico donde localizarle; <strong>(iv)<\/strong> Identifique el derecho que desea ejercerse y los datos sobre los que se requiere ejercer el mismo \u2013si se trata de un derecho de correcci\u00f3n, indicar los datos a corregir y la correcci\u00f3n a realizar, o bien, si se trata de un derecho de oposici\u00f3n, indicar las finalidades secundarias sobre las que se desea ejercer el derecho-. De no cumplir con el punto se\u00f1alado en el numeral <strong>(iii)<\/strong>, la solicitud se tendr\u00e1 como no presentada.<\/p>\n<p>Una vez que se reciba la solicitud el Responsable contar\u00e1 con 5 (cinco) d\u00edas h\u00e1biles para verificar el cumplimiento de lo estipulado en el p\u00e1rrafo anterior, si no se cumple usted contar\u00e1 con un plazo de 10 (diez) d\u00edas h\u00e1biles para subsanar el requerimiento que le hagamos, en caso contrario la solicitud se tendr\u00e1 por no presentada.<\/p><p><br><\/p>\n<p>Admitida la solicitud completa el Responsable contar\u00e1 con 20 (veinte) d\u00edas h\u00e1biles para comunicarle sobre su procedencia. Una vez realizada la anterior notificaci\u00f3n, y de resultar procedente el ejercicio del derecho, el Responsable contar\u00e1 con 15 (quince) d\u00edas h\u00e1biles para hacer efectivo el derecho.<\/p><p><br><\/p>\n<p>Los plazos indicados en el p\u00e1rrafo anterior podr\u00e1n ser ampliados por el mismo tiempo se\u00f1alado por una sola ocasi\u00f3n y por causa justificada.<\/p>\n<p><strong><br><\/strong><\/p><p><strong>VII. <u>Limitaci\u00f3n y\/o Divulgaci\u00f3n de sus datos<\/u><\/strong><\/p>\n<p><br><\/p><p>Usted podr\u00e1 limitar el uso o divulgaci\u00f3n de sus datos personales haciendo su solicitud v\u00eda correo electr\u00f3nico a la direcci\u00f3n&nbsp; <a href=\"mailto:privacidad@wowventaypromocionenelsureste.com\"><strong>privacidad@wowventaypromocionenelsureste.com<\/strong><\/a><strong>. <\/strong>En caso de que su solicitud sea procedente se le registrar\u00e1 en el listado con el que la Empresa cuenta para tal efecto.<\/p>\n<p><strong>&nbsp;<\/strong><\/p>\n<p><strong>VIII. <u>Uso de Cookies, web beacons u otras tecnolog\u00edas similares<\/u><\/strong><\/p>\n<p><br><\/p><p>Le informamos que, a trav\u00e9s de nuestro sitio en internet &nbsp;<a href=\"http:\/\/www.archlatam.com\"><strong>www.archlatam.com<\/strong><\/a>, utilizamos cookies y otras tecnolog\u00edas, a trav\u00e9s de las cuales es posible monitorear su comportamiento como usuario de internet, as\u00ed como brindarle un mejor servicio y experiencia al navegar en nuestra p\u00e1gina. Los datos personales que se pueden obtener a trav\u00e9s del uso de estas tecnolog\u00edas son los siguientes: ubicaciones, direcci\u00f3n IP de origen, navegador utilizado, sistema operativo, dispositivos de acceso. Estas tecnolog\u00edas podr\u00e1n deshabilitarse siguiendo los procedimientos del navegador de internet que utiliza.<\/p>\n<p><span style=\"color: var( --e-global-color-text ); font-size: var( --e-global-typography-text-font-size ); font-weight: var( --e-global-typography-text-font-weight );\">Cualquier actualizaci\u00f3n al presente, ser\u00e1 publicada en nuestro sitio en Internet &nbsp;<\/span><a style=\"font-size: var( --e-global-typography-text-font-size ); background-color: #ffffff;\" href=\"http:\/\/www.pae.cc\"><strong>www.archlatam.com<\/strong><\/a><span style=\"color: var( --e-global-color-text ); font-size: var( --e-global-typography-text-font-size ); font-weight: var( --e-global-typography-text-font-weight );\">.<\/span><\/p>\n<p><strong><br><\/strong><\/p><p><strong>Fecha de actualizaci\u00f3n: 24 de abril de 2024.<\/strong><\/p>\n<p><strong>&nbsp;<\/strong><\/p>\t\t\t\t\t\t\t\t<\/div>\n\t\t\t\t<\/div>\n\t\t\t\t<div class=\"elementor-element elementor-element-5add078 elementor-widget elementor-widget-spacer\" data-id=\"5add078\" data-element_type=\"widget\" data-e-type=\"widget\" data-widget_type=\"spacer.default\">\n\t\t\t\t<div class=\"elementor-widget-container\">\n\t\t\t\t\t\t\t<div class=\"elementor-spacer\">\n\t\t\t<div class=\"elementor-spacer-inner\"><\/div>\n\t\t<\/div>\n\t\t\t\t\t\t<\/div>\n\t\t\t\t<\/div>\n\t\t\t\t\t<\/div>\n\t\t<\/div>\n\t\t\t\t\t<\/div>\n\t\t<\/section>\n\t\t\t\t<\/div>\n\t\t","protected":false},"excerpt":{"rendered":"<p>Aviso de Privacidad Integral para Terceros relacionados con Trabajadores. I. Identidad y domicilio del Responsable del Tratamiento&nbsp; El Responsable del Tratamiento de los datos personales que usted proporciona es Wow venta y promoci\u00f3n en el sureste, S. de R.L. de C.V., (en adelante \u201cWOW\u201d o el \u201cResponsable\u201d), con domicilio en Camino Real a Tetelpan 207, [&hellip;]<\/p>\n","protected":false},"author":1,"featured_media":0,"parent":1445,"menu_order":0,"comment_status":"closed","ping_status":"closed","template":"","meta":{"_coblocks_attr":"","_coblocks_dimensions":"","_coblocks_responsive_height":"","_coblocks_accordion_ie_support":"","inline_featured_image":false,"footnotes":""},"class_list":["post-314","page","type-page","status-publish","hentry"],"_links":{"self":[{"href":"http:\/\/archresourcesgroup.com\/honesty\/wp-json\/wp\/v2\/pages\/314","targetHints":{"allow":["GET"]}}],"collection":[{"href":"http:\/\/archresourcesgroup.com\/honesty\/wp-json\/wp\/v2\/pages"}],"about":[{"href":"http:\/\/archresourcesgroup.com\/honesty\/wp-json\/wp\/v2\/types\/page"}],"author":[{"embeddable":true,"href":"http:\/\/archresourcesgroup.com\/honesty\/wp-json\/wp\/v2\/users\/1"}],"replies":[{"embeddable":true,"href":"http:\/\/archresourcesgroup.com\/honesty\/wp-json\/wp\/v2\/comments?post=314"}],"version-history":[{"count":23,"href":"http:\/\/archresourcesgroup.com\/honesty\/wp-json\/wp\/v2\/pages\/314\/revisions"}],"predecessor-version":[{"id":17790,"href":"http:\/\/archresourcesgroup.com\/honesty\/wp-json\/wp\/v2\/pages\/314\/revisions\/17790"}],"up":[{"embeddable":true,"href":"http:\/\/archresourcesgroup.com\/honesty\/wp-json\/wp\/v2\/pages\/1445"}],"wp:attachment":[{"href":"http:\/\/archresourcesgroup.com\/honesty\/wp-json\/wp\/v2\/media?parent=314"}],"curies":[{"name":"wp","href":"https:\/\/api.w.org\/{rel}","templated":true}]}}