{"id":346,"date":"2023-05-29T22:15:06","date_gmt":"2023-05-29T22:15:06","guid":{"rendered":"http:\/\/archresourcesgroup.com\/honesty\/?page_id=346"},"modified":"2024-04-24T10:38:58","modified_gmt":"2024-04-24T16:38:58","slug":"aviso-6","status":"publish","type":"page","link":"http:\/\/archresourcesgroup.com\/honesty\/avisos-de-privacidad-mex\/aviso-6\/","title":{"rendered":"Aviso de Privacidad integral para Candidatos a Trabajadores"},"content":{"rendered":"\t\t<div data-elementor-type=\"wp-page\" data-elementor-id=\"346\" class=\"elementor elementor-346\" data-elementor-post-type=\"page\">\n\t\t\t\t\t\t<section class=\"elementor-section elementor-top-section elementor-element elementor-element-67f52b8 elementor-section-boxed elementor-section-height-default elementor-section-height-default\" data-id=\"67f52b8\" data-element_type=\"section\" data-e-type=\"section\">\n\t\t\t\t\t\t<div class=\"elementor-container elementor-column-gap-default\">\n\t\t\t\t\t<div class=\"elementor-column elementor-col-100 elementor-top-column elementor-element elementor-element-65fcd7b\" data-id=\"65fcd7b\" data-element_type=\"column\" data-e-type=\"column\">\n\t\t\t<div class=\"elementor-widget-wrap elementor-element-populated\">\n\t\t\t\t\t\t<div class=\"elementor-element elementor-element-c460e4c elementor-widget elementor-widget-heading\" data-id=\"c460e4c\" data-element_type=\"widget\" data-e-type=\"widget\" data-widget_type=\"heading.default\">\n\t\t\t\t<div class=\"elementor-widget-container\">\n\t\t\t\t\t<h2 class=\"elementor-heading-title elementor-size-large\">Aviso de Privacidad integral para Candidatos a Trabajadores\n<\/h2>\t\t\t\t<\/div>\n\t\t\t\t<\/div>\n\t\t\t\t<div class=\"elementor-element elementor-element-9dc5327 elementor-widget elementor-widget-spacer\" data-id=\"9dc5327\" data-element_type=\"widget\" data-e-type=\"widget\" data-widget_type=\"spacer.default\">\n\t\t\t\t<div class=\"elementor-widget-container\">\n\t\t\t\t\t\t\t<div class=\"elementor-spacer\">\n\t\t\t<div class=\"elementor-spacer-inner\"><\/div>\n\t\t<\/div>\n\t\t\t\t\t\t<\/div>\n\t\t\t\t<\/div>\n\t\t\t\t\t<\/div>\n\t\t<\/div>\n\t\t\t\t\t<\/div>\n\t\t<\/section>\n\t\t\t\t<section class=\"elementor-section elementor-top-section elementor-element elementor-element-e31fbb4 elementor-section-boxed elementor-section-height-default elementor-section-height-default\" data-id=\"e31fbb4\" data-element_type=\"section\" data-e-type=\"section\">\n\t\t\t\t\t\t<div class=\"elementor-container elementor-column-gap-default\">\n\t\t\t\t\t<div class=\"elementor-column elementor-col-100 elementor-top-column elementor-element elementor-element-cf06b56\" data-id=\"cf06b56\" data-element_type=\"column\" data-e-type=\"column\">\n\t\t\t<div class=\"elementor-widget-wrap elementor-element-populated\">\n\t\t\t\t\t\t<div class=\"elementor-element elementor-element-db3c68c elementor-widget elementor-widget-text-editor\" data-id=\"db3c68c\" data-element_type=\"widget\" data-e-type=\"widget\" data-widget_type=\"text-editor.default\">\n\t\t\t\t<div class=\"elementor-widget-container\">\n\t\t\t\t\t\t\t\t\t<p><strong> <u>I. Identidad y domicilio del Responsable del Tratamiento<\/u><\/strong><\/p><strong><u>\n<\/u><\/strong><p><strong><u><\/u><\/strong><\/p>\n<p><strong><u>&nbsp;<\/u><\/strong><\/p>\n<p><\/p>\n<p>El Responsable del Tratamiento de los datos personales que usted proporciona es <strong>Wow venta y promoci\u00f3n en el sureste, S. de R.L. de C.V., (en adelante \u201cWOW\u201d o el \u201cResponsable\u201d), <\/strong>con domicilio en <span dir=\"ltr\">Camino Real a Tetelpan 207, colonia Camino Real a Tetelpan, Alcald\u00eda \u00c1lvaro Obreg\u00f3n, C.P. 01700, Ciudad de M\u00e9xico<\/span>, mismo para o\u00edr y recibir notificaciones.<\/p>\n<p><br><\/p><p>&nbsp;<strong style=\"font-family: var( --e-global-typography-text-font-family ), Sans-serif; color: var( --e-global-color-text ); font-size: var( --e-global-typography-text-font-size );\"><u>II. Datos personales recabados<\/u><\/strong><\/p><strong style=\"font-family: var( --e-global-typography-text-font-family ), Sans-serif; color: var( --e-global-color-text ); font-size: var( --e-global-typography-text-font-size );\"><u>\n<\/u><\/strong><p><strong style=\"font-family: var( --e-global-typography-text-font-family ), Sans-serif; color: var( --e-global-color-text ); font-size: var( --e-global-typography-text-font-size );\"><u><\/u><\/strong><\/p>\n<p><br><\/p>\n<p><\/p>\n<p>A efecto de cumplir con las finalidades se\u00f1aladas en el presente Aviso, el Responsable tratar\u00e1 datos de identificaci\u00f3n, contacto, laborales, acad\u00e9micos, de habilidades y aptitudes y datos biom\u00e9tricos.<\/p>\n<p>Le informamos que se tratar\u00e1n datos personales sensibles de origen, de ubicaci\u00f3n, patrimoniales y de salud, que requieren especial protecci\u00f3n, inform\u00e1ndole que el tratamiento de dichos datos es necesario para realizar su evaluaci\u00f3n como candidato a la vacante de que se trate.<\/p>\n<p><strong><br><\/strong><\/p><p><strong>III. <u>Finalidades para del tratamiento<\/u><\/strong><\/p><strong><u>\n<\/u><\/strong><p><strong><u><\/u><\/strong><\/p>\n<p><br><\/p>\n<p><\/p>\n<p>El Responsable tratar\u00e1 sus datos personales para las siguientes finalidades primarias:<\/p>\n<ol>\n<li>Registrarlo en los sistemas de WOW para identificarlo como candidato a una vacante publicada en el sistema de que se trate.<\/li>\n<li>Verificar si se cumple con el perfil publicado para la vacante de que se trate.<\/li>\n<li>Contactarlo para informarle el estatus del procedimiento de reclutamiento.<\/li>\n<li>Agendar citas para entrevistas.<\/li>\n<li>Entrevistarlo para validar su perfil con el de la vacante publicada y para la cual se postul\u00f3.<\/li>\n<li>Aplicarle pruebas psicom\u00e9tricas como parte de la evaluaci\u00f3n de su perfil.<\/li>\n<li>Evaluar sus resultados de pruebas psicom\u00e9tricas, as\u00ed como habilidades y aptitudes, a efecto de presentarlo como candidato a evaluaci\u00f3n.<\/li>\n<li>Realizar las actividades de log\u00edstica encaminadas a que el candidato se presente a las entrevistas aplicables para la vacante a la que se postula.<\/li>\n<li>Dar seguimiento al proceso de entrevistas e identificar si ser\u00e1 el candidato seleccionado.<\/li>\n<li>Informarle el estatus del procedimiento de selecci\u00f3n derivado de las entrevistas aplicables para la vacante a la que se postula.<\/li>\n<li>Localizarlo, en su caso, para llevar a cabo las actividades log\u00edsticas para realizar una investigaci\u00f3n laboral.<\/li>\n<li>Contactarlo para entrega-recepci\u00f3n de documentaci\u00f3n necesaria para la ejecuci\u00f3n de investigaciones laborales.<\/li>\n<li>Ejecuci\u00f3n de investigaciones laborales.<\/li>\n<li>Contar con informaci\u00f3n necesaria para realizar su investigaci\u00f3n laboral.<\/li>\n<li>Verificar y confirmar su identidad.<\/li>\n<li>Conocer y corroborar el entorno en el que usted se desarrolla.<\/li>\n<li>Recabar y cotejar informaci\u00f3n para conocer el comportamiento y condiciones laborales del candidato.<\/li>\n<li>Recabar y cotejar informaci\u00f3n para conocer el comportamiento econ\u00f3mico del candidato.<\/li>\n<li>Verificar su situaci\u00f3n legal pasada o actual para realizar investigaciones laborales.<\/li>\n<li>Ejecutar acciones tendientes a realizar los tr\u00e1mites de contrataci\u00f3n como trabajador.<\/li>\n<li>En su caso, prestar servicio de alta-baja de roles y de administraci\u00f3n y soporte t\u00e9cnico respecto de las herramientas o sistemas de las que el Responsable haga uso y tenga su administraci\u00f3n.<\/li>\n<li>En su caso, hacerle llegar documentaci\u00f3n por mensajer\u00eda para su revisi\u00f3n y\/o firma y\/o aceptaci\u00f3n y\/o conocimiento y\/o uso.<\/li>\n<li>En su caso, identificarlo para autorizar su ingreso a instalaciones de WOW.<\/li>\n<li>En caso de que se comunique v\u00eda telef\u00f3nica a WOW, brindarle la atenci\u00f3n requerida.<\/li>\n<li>En caso de estar en instalaciones de WOW y sufrir alg\u00fan accidente, prestarle el auxilio que sea requerido.<\/li>\n<li>Realizar reportes de operaci\u00f3n, estad\u00edsticos o hist\u00f3ricos.<\/li>\n<li>En su caso, dar seguimiento y atenci\u00f3n a solicitudes de tr\u00e1mites realizadas ante el Responsable.<\/li>\n<li>En su caso, a trav\u00e9s de sistemas de videovigilancia, el monitoreo de las actividades realizadas en instalaciones de WOW.<\/li>\n<li>Proporcionar seguridad a trav\u00e9s de los sistemas de videovigilancia.\n<p><\/p><\/li>\n<\/ol>\n<p><strong style=\"font-family: var( --e-global-typography-text-font-family ), Sans-serif; color: var( --e-global-color-text ); font-size: var( --e-global-typography-text-font-size );\"><u><br><\/u><\/strong><\/p><p><strong style=\"font-family: var( --e-global-typography-text-font-family ), Sans-serif; color: var( --e-global-color-text ); font-size: var( --e-global-typography-text-font-size );\"><u>IV. Finalidades secundarias<\/u><\/strong><\/p><strong style=\"font-family: var( --e-global-typography-text-font-family ), Sans-serif; color: var( --e-global-color-text ); font-size: var( --e-global-typography-text-font-size );\"><u>\n<\/u><\/strong><p><strong style=\"font-family: var( --e-global-typography-text-font-family ), Sans-serif; color: var( --e-global-color-text ); font-size: var( --e-global-typography-text-font-size );\"><u><\/u><\/strong><\/p>\n<p><br><\/p>\n<p><\/p>\n<p>Adicionalmente, utilizaremos sus datos personales para las siguientes finalidades secundarias:<\/p>\n<ol>\n<li>Contactarlo para posteriores vacantes en las que su perfil se adapte a los requisitos solicitados.<\/li>\n<li>Invitarlo a eventos organizados por WOW.<\/li>\n<li>Contar con un control de asistentes a eventos WOW.<\/li>\n<li>Contar con evidencia de la ejecuci\u00f3n de eventos WOW.<\/li>\n<li>Hacerle llegar el Newsletter y comunicados institucionales de WOW.<\/li>\n<li>Hacerle llegar informaci\u00f3n de WOW.<\/li>\n<li>Elaboraci\u00f3n y publicaci\u00f3n de publicidad con sus datos de identificaci\u00f3n.<\/li>\n<\/ol>\n<p>En caso de que no desee que sus datos personales sean tratados para alguna o todas las finalidades secundarias, desde este momento usted puede comunic\u00e1rnoslo enviando un correo electr\u00f3nico a la direcci\u00f3n <a href=\"mailto:privacidad@wowventaypromocionenelsureste.com\"><strong>privacidad@wowventaypromocionenelsureste.com<\/strong><\/a><strong>.<\/strong><\/p><strong>\n<\/strong><p><strong><\/strong><\/p>\n<p>La negativa para el uso de sus datos personales para finalidades secundarias, no podr\u00e1 ser un motivo para negarle los servicios solicitados o dar por terminada la relaci\u00f3n establecida con nosotros.<\/p>\n<p><strong><br><\/strong><\/p><p><strong>&nbsp;<\/strong><strong style=\"color: var( --e-global-color-text ); font-family: var( --e-global-typography-text-font-family ), Sans-serif; font-size: var( --e-global-typography-text-font-size );\"><u>V. Transferencias<\/u><\/strong><\/p><strong style=\"color: var( --e-global-color-text ); font-family: var( --e-global-typography-text-font-family ), Sans-serif; font-size: var( --e-global-typography-text-font-size );\"><u>\n<\/u><\/strong><p><strong style=\"color: var( --e-global-color-text ); font-family: var( --e-global-typography-text-font-family ), Sans-serif; font-size: var( --e-global-typography-text-font-size );\"><u><\/u><\/strong><\/p>\n<p><br><\/p>\n<p><\/p>\n<p>Para dar cumplimiento a las finalidades que se escribieron anteriormente y otras que sean exigidas legalmente o por autoridades competentes, a trav\u00e9s de solicitud fundada y motivada, se realizar\u00e1n las siguientes transferencias sus datos personales:<\/p>\n<table>\n<tbody>\n<tr>\n<td width=\"160\"><strong>Tercero receptor<\/strong><\/td>\n<td width=\"312\"><strong>Finalidad(es)<\/strong><\/td>\n<td width=\"208\"><strong>Consentimiento<\/strong><\/td>\n<\/tr>\n<tr>\n<td width=\"160\">Empresas subsidiarias o filiales<\/td>\n<td width=\"312\">\n<p>&#8211; Tratamiento para finalidades primarias.<\/p>\n<\/td>\n<td width=\"208\">No necesario<\/td>\n<\/tr>\n<tr>\n<td width=\"160\">Clientes de WOW<\/td>\n<td width=\"312\">&#8211; En su caso validaci\u00f3n de perfiles para la prestaci\u00f3n de servicios especializados.<\/td>\n<td width=\"208\">No necesario<\/td>\n<\/tr>\n<tr>\n<td width=\"160\">Aseguradoras<\/td>\n<td width=\"312\">&#8211; En caso de sufrir alg\u00fan accidente en las instalaciones de WOW y sea requerido prestarle auxilio.<\/td>\n<td width=\"208\">No necesario<\/td>\n<\/tr>\n<tr>\n<td width=\"160\">Familiares<\/td>\n<td width=\"312\">&#8211; En caso de sufrir alg\u00fan accidente en las instalaciones de WOW y sea requerido dar aviso a un familiar.<\/td>\n<td width=\"208\">No necesario<\/td>\n<\/tr>\n<tr>\n<td width=\"160\">Terceros relacionados con usted, como familiares, amigos o jefes o exjefes<\/td>\n<td width=\"312\">&#8211; Realizar validaci\u00f3n de referencias laborales o personales.<\/td>\n<td width=\"208\">No necesario<\/td>\n<\/tr>\n<tr>\n<td width=\"160\">Empresas de arrendamiento de inmuebles en donde preste servicios WOW<\/td>\n<td width=\"312\">&#8211; Gestionar su acceso a instalaciones de WOW.<\/td>\n<td width=\"208\">No necesario<\/td>\n<\/tr>\n<tr>\n<td width=\"160\">Autoridades competentes<\/td>\n<td width=\"312\">&#8211; Dar cumplimiento a requerimientos de autoridades competentes, previa solicitud debidamente fundada y motivada.<\/td>\n<td width=\"208\">No necesario<\/td>\n<\/tr>\n<tr>\n<td width=\"160\">Asociaciones.<\/td>\n<td width=\"312\">&#8211; Dar cumplimiento a auditor\u00edas.<\/td>\n<td width=\"208\">No necesario<\/td>\n<\/tr>\n<tr>\n<td width=\"160\">Empresas subsidiarias o filiales o socias<\/td>\n<td width=\"312\">&#8211; Participaci\u00f3n en programas de lealtad, fidelidad, y en su caso, servicios orientados al crecimiento profesional y financiero.<\/td>\n<td width=\"208\">Necesario<\/td>\n<\/tr>\n<\/tbody>\n<\/table>\n<p>Si usted no desea que sus datos personales sean transferidos respecto de aqu\u00e9llas sobre las cu\u00e1les es necesario su consentimiento, le pedimos que env\u00ede un correo electr\u00f3nico a la direcci\u00f3n <a href=\"mailto:privacidad@wowventaypromocionenelsureste.com\"><strong>privacidad@wowventaypromocionenelsureste.com<\/strong><\/a><strong>.<\/strong><\/p><strong>\n<\/strong><p><strong><\/strong><\/p>\n<p><strong>&nbsp;<\/strong><\/p>\n<p><\/p>\n<p><strong style=\"font-family: var( --e-global-typography-text-font-family ), Sans-serif; color: var( --e-global-color-text ); font-size: var( --e-global-typography-text-font-size );\"><u>VI. Derechos ARCO y\/o revocaci\u00f3n del consentimiento<\/u><\/strong><\/p><strong style=\"font-family: var( --e-global-typography-text-font-family ), Sans-serif; color: var( --e-global-color-text ); font-size: var( --e-global-typography-text-font-size );\"><u>\n<\/u><\/strong><p><strong style=\"font-family: var( --e-global-typography-text-font-family ), Sans-serif; color: var( --e-global-color-text ); font-size: var( --e-global-typography-text-font-size );\"><u><\/u><\/strong><\/p>\n<p><br><\/p>\n<p><\/p>\n<p>Usted o su representante legal podr\u00e1n ejercer cualquiera de los derechos de acceso, rectificaci\u00f3n, cancelaci\u00f3n u oposici\u00f3n, tambi\u00e9n conocidos como derechos ARCO, as\u00ed como revocar su consentimiento para el tratamiento de sus datos, comunic\u00e1ndose v\u00eda correo electr\u00f3nico a la direcci\u00f3n <a href=\"mailto:privacidad@wowventaypromocionenelsureste.com\"><strong>privacidad@wowventaypromocionenelsureste.com<\/strong><\/a>, el cual es administrado y atendido por nuestro Departamento de Datos Personales con domicilio en Camino Real a Tetelpan 207, colonia Camino Real a Tetelpan, Alcald\u00eda \u00c1lvaro Obreg\u00f3n, C.P. 01700, Ciudad de M\u00e9xico.<\/p><p><br><\/p>\n<p>Deber\u00e1 presentar una solicitud en la que se: (i) Indique el nombre del solicitante, y en su caso, de su representante legal; (ii) Acredite la personalidad del solicitante, y en su caso, de su representante legal; (iii) Indique el domicilio y\/o correo electr\u00f3nico donde localizarle; (iv) Identifique el derecho que desea ejercerse y los datos sobre los que se requiere ejercer el mismo \u2013si se trata de un derecho de correcci\u00f3n, indicar los datos a corregir y la correcci\u00f3n a realizar, o bien, si se trata de un derecho de oposici\u00f3n, indicar las finalidades secundarias sobre las que se desea ejercer el derecho-. De no cumplir con el punto se\u00f1alado en el numeral (iii), la solicitud se tendr\u00e1 como no presentada.<\/p>\n<p>Una vez que se reciba la solicitud el Responsable contar\u00e1 con 5 (cinco) d\u00edas h\u00e1biles para verificar el cumplimiento de lo estipulado en el p\u00e1rrafo anterior, si no se cumple usted contar\u00e1 con un plazo de 10 (diez) d\u00edas h\u00e1biles para subsanar el requerimiento que le hagamos, en caso contrario la solicitud se tendr\u00e1 por no presentada.<\/p><p><br><\/p>\n<p>Admitida la solicitud completa el Responsable contar\u00e1 con 20 (veinte) d\u00edas h\u00e1biles para comunicarle sobre su procedencia. Una vez realizada la anterior notificaci\u00f3n, y de resultar procedente el ejercicio del derecho, el Responsable contar\u00e1 con 15 (quince) d\u00edas h\u00e1biles para hacer efectivo el derecho.<\/p><p><br><\/p>\n<p>Los plazos indicados en el p\u00e1rrafo anterior podr\u00e1n ser ampliados por el mismo tiempo se\u00f1alado por una sola ocasi\u00f3n y por causa justificada.<\/p>\n<p><strong><br><\/strong><\/p><p><strong>VII. <u>Limitaci\u00f3n y\/o Divulgaci\u00f3n de sus datos<\/u><\/strong><\/p><strong><u>\n<\/u><\/strong><p><strong><u><\/u><\/strong><\/p>\n<p><br><\/p>\n<p><\/p>\n<p>Usted podr\u00e1 limitar el uso o divulgaci\u00f3n de sus datos personales haciendo su solicitud v\u00eda correo electr\u00f3nico a la direcci\u00f3n <a href=\"mailto:privacidad@wowventaypromocionenelsureste.com\"><strong>privacidad@wowventaypromocionenelsureste.com<\/strong><\/a><strong>.<\/strong> En caso de que su solicitud sea procedente se le registrar\u00e1 en el listado con el que la Empresa cuenta para tal efecto.<\/p><p><br><\/p>\n<p><strong>VIII. <u>Uso de Cookies, web beacons u otras tecnolog\u00edas similares<\/u><\/strong><\/p><strong><u>\n<\/u><\/strong><p><strong><u><\/u><\/strong><\/p>\n<p><br><\/p>\n<p><\/p>\n<p>Le informamos que, a trav\u00e9s de nuestro sitio en internet <a href=\"http:\/\/www.archlatam.com\"><strong>www.archlatam.com<\/strong><\/a><strong><u>,<\/u><\/strong> utilizamos cookies y otras tecnolog\u00edas, a trav\u00e9s de las cuales es posible monitorear su comportamiento como usuario de internet, as\u00ed como brindarle un mejor servicio y experiencia al navegar en nuestra p\u00e1gina. Los datos personales que se pueden obtener a trav\u00e9s del uso de estas tecnolog\u00edas son los siguientes: ubicaciones, direcci\u00f3n IP de origen, navegador utilizado, sistema operativo, dispositivos de acceso. Estas tecnolog\u00edas podr\u00e1n deshabilitarse siguiendo los procedimientos del navegador de internet que utiliza.<\/p>\n<p>Cualquier actualizaci\u00f3n al presente, ser\u00e1 publicada en nuestro sitio en Internet <a href=\"http:\/\/www.archlatam.com\"><strong>www.archlatam.com<\/strong><\/a>.<\/p>\n<p><strong><br><\/strong><\/p><p><strong>Fecha de actualizaci\u00f3n: 24 de abril de 2024<\/strong><span style=\"color: var( --e-global-color-text ); font-size: 1rem;\">.<\/span><\/p>\t\t\t\t\t\t\t\t<\/div>\n\t\t\t\t<\/div>\n\t\t\t\t<div class=\"elementor-element elementor-element-5544c0b elementor-widget elementor-widget-spacer\" data-id=\"5544c0b\" data-element_type=\"widget\" data-e-type=\"widget\" data-widget_type=\"spacer.default\">\n\t\t\t\t<div class=\"elementor-widget-container\">\n\t\t\t\t\t\t\t<div class=\"elementor-spacer\">\n\t\t\t<div class=\"elementor-spacer-inner\"><\/div>\n\t\t<\/div>\n\t\t\t\t\t\t<\/div>\n\t\t\t\t<\/div>\n\t\t\t\t\t<\/div>\n\t\t<\/div>\n\t\t\t\t\t<\/div>\n\t\t<\/section>\n\t\t\t\t<\/div>\n\t\t","protected":false},"excerpt":{"rendered":"<p>Aviso de Privacidad integral para Candidatos a Trabajadores I. Identidad y domicilio del Responsable del Tratamiento &nbsp; El Responsable del Tratamiento de los datos personales que usted proporciona es Wow venta y promoci\u00f3n en el sureste, S. de R.L. de C.V., (en adelante \u201cWOW\u201d o el \u201cResponsable\u201d), con domicilio en Camino Real a Tetelpan 207, [&hellip;]<\/p>\n","protected":false},"author":1,"featured_media":0,"parent":1445,"menu_order":0,"comment_status":"closed","ping_status":"closed","template":"","meta":{"_coblocks_attr":"","_coblocks_dimensions":"","_coblocks_responsive_height":"","_coblocks_accordion_ie_support":"","inline_featured_image":false,"footnotes":""},"class_list":["post-346","page","type-page","status-publish","hentry"],"_links":{"self":[{"href":"http:\/\/archresourcesgroup.com\/honesty\/wp-json\/wp\/v2\/pages\/346","targetHints":{"allow":["GET"]}}],"collection":[{"href":"http:\/\/archresourcesgroup.com\/honesty\/wp-json\/wp\/v2\/pages"}],"about":[{"href":"http:\/\/archresourcesgroup.com\/honesty\/wp-json\/wp\/v2\/types\/page"}],"author":[{"embeddable":true,"href":"http:\/\/archresourcesgroup.com\/honesty\/wp-json\/wp\/v2\/users\/1"}],"replies":[{"embeddable":true,"href":"http:\/\/archresourcesgroup.com\/honesty\/wp-json\/wp\/v2\/comments?post=346"}],"version-history":[{"count":20,"href":"http:\/\/archresourcesgroup.com\/honesty\/wp-json\/wp\/v2\/pages\/346\/revisions"}],"predecessor-version":[{"id":17778,"href":"http:\/\/archresourcesgroup.com\/honesty\/wp-json\/wp\/v2\/pages\/346\/revisions\/17778"}],"up":[{"embeddable":true,"href":"http:\/\/archresourcesgroup.com\/honesty\/wp-json\/wp\/v2\/pages\/1445"}],"wp:attachment":[{"href":"http:\/\/archresourcesgroup.com\/honesty\/wp-json\/wp\/v2\/media?parent=346"}],"curies":[{"name":"wp","href":"https:\/\/api.w.org\/{rel}","templated":true}]}}