{"id":1904,"date":"2023-04-24T15:49:37","date_gmt":"2023-04-24T19:49:37","guid":{"rendered":"https:\/\/www.archresourcesgroup.com\/?page_id=1904"},"modified":"2023-05-02T18:47:22","modified_gmt":"2023-05-02T22:47:22","slug":"cookies","status":"publish","type":"page","link":"https:\/\/archresourcesgroup.com\/es\/cookies\/","title":{"rendered":"Pol\u00edtica de Cookies"},"content":{"rendered":"<div data-elementor-type=\"wp-page\" data-elementor-id=\"1904\" class=\"elementor elementor-1904\" data-elementor-post-type=\"page\">\n\t\t\t\t\t\t<section class=\"elementor-section elementor-top-section elementor-element elementor-element-c787388 elementor-section-boxed elementor-section-height-default elementor-section-height-default\" data-id=\"c787388\" data-element_type=\"section\" data-e-type=\"section\">\n\t\t\t\t\t\t<div class=\"elementor-container elementor-column-gap-default\">\n\t\t\t\t\t<div class=\"elementor-column elementor-col-100 elementor-top-column elementor-element elementor-element-4586a25\" data-id=\"4586a25\" data-element_type=\"column\" data-e-type=\"column\">\n\t\t\t<div class=\"elementor-widget-wrap elementor-element-populated\">\n\t\t\t\t\t\t<div class=\"elementor-element elementor-element-67b4c5c elementor-widget elementor-widget-heading\" data-id=\"67b4c5c\" data-element_type=\"widget\" data-e-type=\"widget\" data-widget_type=\"heading.default\">\n\t\t\t\t<div class=\"elementor-widget-container\">\n\t\t\t\t\t<h2 class=\"elementor-heading-title elementor-size-xl\">Pol\u00edtica de cookies<\/h2>\t\t\t\t<\/div>\n\t\t\t\t<\/div>\n\t\t\t\t<div class=\"elementor-element elementor-element-86bdbcd elementor-widget elementor-widget-text-editor\" data-id=\"86bdbcd\" data-element_type=\"widget\" data-e-type=\"widget\" data-widget_type=\"text-editor.default\">\n\t\t\t\t<div class=\"elementor-widget-container\">\n\t\t\t\t\t\t\t\t\t<p>Le informamos que el Responsable del tratamiento de sus datos personales ser\u00e1 realizado por Arch Florida Limited Liability Company (LLC) (en adelante \u201cResponsable\u201d o \u201cARCH\u201d) con domicilio en 1000 Brickell Ave., Suite 725, Miami, Florida, 33131 en Estados Unidos de Am\u00e9rica.<\/p><p>\u00a0<\/p><p><strong>\u00bfQu\u00e9 son las cookies?<\/strong><\/p><p>Son los archivos de datos que se almacenan en el disco duro del equipo de c\u00f3mputo o del dispositivo de comunicaciones electr\u00f3nicas de un usuario al navegar en un sitio de internet espec\u00edfico, el cual permite intercambiar informaci\u00f3n de estado entre dicho sitio y el navegador del usuario. La informaci\u00f3n de estado puede revelar medios de identificaci\u00f3n de sesi\u00f3n, autenticaci\u00f3n o preferencias del usuario, as\u00ed como cualquier dato almacenado por el navegador respecto al sitio de internet.<\/p><p><strong>\u00bfQu\u00e9 tipos de cookies existen?<\/strong><\/p><p>Las cookies pueden ser clasificadas como propias o de terceros, entendidas las primeras como las que gestiona y administra el responsable del tratamiento, y las terceras gestionadas y administradas por un tercero ajeno al responsable.<\/p><p>Por otro lado, las cookies tambi\u00e9n se pueden clasificar por el plazo en el que est\u00e1n almacenadas en el navegador, por lo que pueden ser cookies de sesi\u00f3n o persistentes. Las primeras son las cookies que recaban y almacenan datos mientras el usuario accede a un sitio web, y las segundas son que se almacenan por el que env\u00edo la cookie y pueden ser consultadas posteriormente.<\/p><p>Finalmente, las cookies pueden ser t\u00e9cnicas, de personalizaci\u00f3n, de an\u00e1lisis, publicitarias o de publicidad comportamental.<\/p><ul><li>Cookies t\u00e9cnicas: Permiten al usuario la navegaci\u00f3n a trav\u00e9s de una p\u00e1gina web, plataforma o aplicaci\u00f3n y la utilizaci\u00f3n de las diferentes opciones o servicios que en ella existan.<\/li><li>Cookies de personalizaci\u00f3n: Permiten al usuario acceder al servicio con algunas caracter\u00edsticas de car\u00e1cter general predefinidas en funci\u00f3n de una serie de criterios en la terminal del usuario.<\/li><li>Cookies de an\u00e1lisis: Las que permiten el seguimiento y an\u00e1lisis del comportamiento de los usuarios de los sitios web a los que est\u00e1n vinculadas.<\/li><li>Cookies publicitarias: Son las que permiten la gesti\u00f3n de espacios publicitarios con base en criterios como el contenido editado o la frecuencia en la que se muestran los anuncios.<\/li><li>Cookies de publicidad comportamental: Son las que permiten la gesti\u00f3n de espacios publicitarios almacenando el comportamiento del usuario al navegar.<\/li><\/ul><p><strong>\u00bfQu\u00e9 tipo de cookies utilizamos en este sitio web?<\/strong><\/p><table width=\"638\"><thead><tr><td width=\"141\"><p><strong>Nombre de la Cookie<\/strong><\/p><\/td><td width=\"92\"><p><strong>Proveedor<\/strong><\/p><\/td><td width=\"68\"><p><strong>Categor\u00eda<\/strong><\/p><\/td><td width=\"50\"><p><strong>Tipo<\/strong><\/p><\/td><td width=\"224\"><p><strong>Descripci\u00f3n<\/strong><\/p><\/td><td width=\"62\"><p><strong>Temporalidad<\/strong><\/p><\/td><\/tr><\/thead><tbody><tr><td width=\"141\"><p>CONSENT<\/p><\/td><td width=\"92\"><p>youtube.com<\/p><\/td><td width=\"68\"><p>Necesaria<\/p><\/td><td width=\"50\"><p>HTTP<\/p><\/td><td width=\"224\"><p>Se utiliza para detectar si el visitante ha aceptado la categor\u00eda de marketing en el banner de cookies.<\/p><\/td><td width=\"62\"><p>2 a\u00f1os<\/p><\/td><\/tr><tr><td width=\"141\"><p>Elementor<\/p><\/td><td width=\"92\"><p>archresourcesgroup.com<\/p><\/td><td width=\"68\"><p>Necesaria<\/p><\/td><td width=\"50\"><p>HTML<\/p><\/td><td width=\"224\"><p>Utilizada en contexto con el tema WordPress del sitio web. La cookie permite al propietario del sitio web implementar o cambiar el contenido del sitio web en tiempo real.<\/p><\/td><td width=\"62\"><p>Persistente<\/p><\/td><\/tr><tr><td width=\"141\"><p>rc::a<\/p><\/td><td width=\"92\"><p>gstatic.com<\/p><\/td><td width=\"68\"><p>Necesaria<\/p><\/td><td width=\"50\"><p>HTML<\/p><\/td><td width=\"224\"><p>Esta cookie se utiliza para distinguir entre humanos y bots. Esto es beneficioso para el sitio web, con el<br \/>fin de hacer informes validos sobre el uso de su sitio web.<\/p><\/td><td width=\"62\"><p>Persistente<\/p><\/td><\/tr><tr><td width=\"141\"><p>rc::c<\/p><\/td><td width=\"92\"><p>gstatic.com<\/p><\/td><td width=\"68\"><p>Necesaria<\/p><\/td><td width=\"50\"><p>HTML<\/p><\/td><td width=\"224\"><p>Esta cookie se utiliza para distinguir entre humanos y bots.<\/p><\/td><td width=\"62\"><p>Sesi\u00f3n<\/p><\/td><\/tr><tr><td width=\"141\"><p>_ga<\/p><\/td><td width=\"92\"><p>archresourcesgroup.com<\/p><\/td><td width=\"68\"><p>Estad\u00edstica<\/p><\/td><td width=\"50\"><p>HTTP<\/p><\/td><td width=\"224\"><p>Registra un ID \u00fanico que se utiliza para generar datos estad\u00edsticos sobre c\u00f3mo el visitante utiliza el sitio web.<\/p><\/td><td width=\"62\"><p>2 a\u00f1os<\/p><\/td><\/tr><tr><td width=\"141\"><p>_ga_#<\/p><\/td><td width=\"92\"><p>archresourcesgroup.com<\/p><\/td><td width=\"68\"><p>Estad\u00edstica<\/p><\/td><td width=\"50\"><p>HTTP<\/p><\/td><td width=\"224\"><p>Utilizada por Google Analytics para recopilar datos sobre el n\u00famero de veces que un usuario ha visitado el sitio web, as\u00ed como las fechas de la primera y la \u00faltima visita.<\/p><\/td><td width=\"62\"><p>2 a\u00f1os<\/p><\/td><\/tr><tr><td width=\"141\"><p>_gat<\/p><\/td><td width=\"92\"><p>archresourcesgroup.com<\/p><\/td><td width=\"68\"><p>Estad\u00edstica<\/p><\/td><td width=\"50\"><p>HTTP<\/p><\/td><td width=\"224\"><p>Utilizada por Google Analytics para reducir la tasa de solicitudes.<\/p><\/td><td width=\"62\"><p>1 d\u00eda<\/p><\/td><\/tr><tr><td width=\"141\"><p>gid<\/p><\/td><td width=\"92\"><p>archresourcesgroup.com<\/p><\/td><td width=\"68\"><p>Estad\u00edstica<\/p><\/td><td width=\"50\"><p>HTTP<\/p><\/td><td width=\"224\"><p>Registra un ID \u00fanico que se utiliza para generar datos estad\u00edsticos sobre c\u00f3mo el visitante utiliza el sitio web.<\/p><\/td><td width=\"62\"><p>1 d\u00eda<\/p><\/td><\/tr><tr><td width=\"141\"><p>burst_uid<\/p><\/td><td width=\"92\"><p>archresourcesgroup.com<\/p><\/td><td width=\"68\"><p>Estad\u00edstica<\/p><\/td><td width=\"50\"><p>HTTP<\/p><\/td><td width=\"224\"><p>Registra datos estad\u00edsticos sobre el comportamiento de los usuarios en el sitio web. Utilizada para an\u00e1lisis internos por el operador del sitio web.<\/p><\/td><td width=\"62\"><p>30 d\u00edas<\/p><\/td><\/tr><tr><td width=\"141\"><p>\u00daLTIMA_CLAVE_ENTRADA_<\/p><\/td><td width=\"92\"><p>youtube.com<\/p><\/td><td width=\"68\"><p>Marketing<\/p><\/td><td width=\"50\"><p>HTTP<\/p><\/td><td width=\"224\"><p>Almacena las preferencias de reproducci\u00f3n de v\u00eddeo del usuario utilizando un v\u00eddeo incrustado de YouTube.<\/p><\/td><td width=\"62\"><p>Sesi\u00f3n<\/p><\/td><\/tr><tr><td width=\"141\"><p>remote_sid<\/p><\/td><td width=\"92\"><p>youtube.com<\/p><\/td><td width=\"68\"><p>Marketing<\/p><\/td><td width=\"50\"><p>HTTP<\/p><\/td><td width=\"224\"><p>Necesaria para la implementaci\u00f3n y funcionalidad del contenido de v\u00eddeo de YouTube en el<br \/>sitio web.<\/p><\/td><td width=\"62\"><p>Sesi\u00f3n<\/p><\/td><\/tr><tr><td width=\"141\"><p>VISITOR_INFO1_LIVE<\/p><\/td><td width=\"92\"><p>youtube.com<\/p><\/td><td width=\"68\"><p>Marketing<\/p><\/td><td width=\"50\"><p>HTTP<\/p><\/td><td width=\"224\"><p>Intenta estimar el ancho de banda de los usuarios en p\u00e1ginas con v\u00eddeos de YouTube integrados.<\/p><\/td><td width=\"62\"><p>180 d\u00edas<\/p><\/td><\/tr><tr><td width=\"141\"><p>YSC<\/p><\/td><td width=\"92\"><p>youtube.com<\/p><\/td><td width=\"68\"><p>Marketing<\/p><\/td><td width=\"50\"><p>HTTP<\/p><\/td><td width=\"224\"><p>Registra un ID \u00fanico para mantener estad\u00edsticas de qu\u00e9 v\u00eddeos de YouTube ha visto el usuario.<\/p><\/td><td width=\"62\"><p>Sesi\u00f3n<\/p><\/td><\/tr><tr><td width=\"141\"><p>YtIdbMeta#databases<\/p><\/td><td width=\"92\"><p>youtube.com<\/p><\/td><td width=\"68\"><p>Marketing<\/p><\/td><td width=\"50\"><p>IndexedDB<\/p><\/td><td width=\"224\"><p>Almacena las preferencias de reproducci\u00f3n de v\u00eddeo del usuario utilizando v\u00eddeo incrustado de YouTube.<\/p><\/td><td width=\"62\"><p>Persistente<\/p><\/td><\/tr><tr><td width=\"141\"><p>yt-remote-cast-available<\/p><\/td><td width=\"92\"><p>youtube.com<\/p><\/td><td width=\"68\"><p>Marketing<\/p><\/td><td width=\"50\"><p>HTML<\/p><\/td><td width=\"224\"><p>Almacena las preferencias de reproducci\u00f3n de v\u00eddeo del usuario mediante v\u00eddeo incrustado de YouTube.<\/p><\/td><td width=\"62\"><p>Sesi\u00f3n<\/p><\/td><\/tr><tr><td width=\"141\"><p>yt-remote-cast-installed<\/p><\/td><td width=\"92\"><p>youtube.com<\/p><\/td><td width=\"68\"><p>Marketing<\/p><\/td><td width=\"50\"><p>HTML<\/p><\/td><td width=\"224\"><p>Almacena las preferencias del usuario en cuanto al reproductor de v\u00eddeo que utiliza el v\u00eddeo incrustado de YouTube.<\/p><\/td><td width=\"62\"><p>Sesi\u00f3n<\/p><\/td><\/tr><tr><td width=\"141\"><p>yt-remote-connected-devices<\/p><\/td><td width=\"92\"><p>youtube.com<\/p><\/td><td width=\"68\"><p>Marketing<\/p><\/td><td width=\"50\"><p>HTML<\/p><\/td><td width=\"224\"><p>Almacena las preferencias de reproducci\u00f3n de v\u00eddeo del usuario mediante v\u00eddeo incrustado de YouTube.<\/p><\/td><td width=\"62\"><p>Persistente<\/p><\/td><\/tr><tr><td width=\"141\"><p>yt-remote-device-id<\/p><\/td><td width=\"92\"><p>youtube.com<\/p><\/td><td width=\"68\"><p>Marketing<\/p><\/td><td width=\"50\"><p>HTML<\/p><\/td><td width=\"224\"><p>Almacena las preferencias del usuario en cuanto al reproductor de v\u00eddeo que utiliza el v\u00eddeo incrustado de YouTube.<\/p><\/td><td width=\"62\"><p>Persistente<\/p><\/td><\/tr><tr><td width=\"141\"><p>yt-remote-fast-check-period<\/p><\/td><td width=\"92\"><p>youtube.com<\/p><\/td><td width=\"68\"><p>Marketing<\/p><\/td><td width=\"50\"><p>HTML<\/p><\/td><td width=\"224\"><p>Almacena las preferencias de reproducci\u00f3n de v\u00eddeo del usuario mediante v\u00eddeo incrustado de YouTube.<\/p><\/td><td width=\"62\"><p>Sesi\u00f3n<\/p><\/td><\/tr><tr><td width=\"141\"><p>yt-remote-session-app<\/p><\/td><td width=\"92\"><p>youtube.com<\/p><\/td><td width=\"68\"><p>Marketing<\/p><\/td><td width=\"50\"><p>HTML<\/p><\/td><td width=\"224\"><p>Almacena las preferencias de reproducci\u00f3n de v\u00eddeo del usuario mediante v\u00eddeo incrustado de YouTube.<\/p><\/td><td width=\"62\"><p>Sesi\u00f3n<\/p><\/td><\/tr><tr><td width=\"141\"><p>yt-remote-session-name<\/p><\/td><td width=\"92\"><p>youtube.com<\/p><\/td><td width=\"68\"><p>Marketing<\/p><\/td><td width=\"50\"><p>HTML<\/p><\/td><td width=\"224\"><p>Almacena las preferencias del usuario en cuanto al reproductor de v\u00eddeo que utiliza el v\u00eddeo incrustado de YouTube.<\/p><\/td><td width=\"62\"><p>Sesi\u00f3n<\/p><\/td><\/tr><\/tbody><\/table><p><strong>\u00bfC\u00f3mo puedo configurar las cookies?<\/strong><\/p><p>Al acceder a nuestro sitio web por primera vez, ver\u00e1 una ventana d\u00f3nde se le informa de la utilizaci\u00f3n de las cookies y donde puede consultar esta \u201cPol\u00edtica de cookies\u201d.<\/p><p>\u00a0<\/p><p>Usted como usuario tiene la posibilidad de ejercer su derecho a bloquear, eliminar y rechazar el uso de cookies no necesarias, en todo momento, modificando las opciones de su navegador.<\/p><p>\u00a0<\/p><p>Por ejemplo:<\/p><ol><li>Internet Explorer: Herramientas &gt; Opciones de Internet &gt; Privacidad &gt; Configuraci\u00f3n. Para m\u00e1s informaci\u00f3n, puede consultar el soporte de Microsoft o la Ayuda del navegador.<\/li><li>Firefox: Herramientas &gt; Opciones &gt; Privacidad &gt; Historial &gt; Configuraci\u00f3n Personalizada. Para m\u00e1s informaci\u00f3n, puede consultar el soporte de Mozilla o la Ayuda del navegador.<\/li><li>Chrome: Configuraci\u00f3n &gt; Mostrar opciones avanzadas &gt; Privacidad -&gt; Configuraci\u00f3n de contenido. Para m\u00e1s informaci\u00f3n, puede consultar el soporte de Google o la Ayuda del navegador.<\/li><li>Safari: Preferencias &gt; Seguridad. Para m\u00e1s informaci\u00f3n, puede consultar el soporte de Apple o la Ayuda del navegador.<\/li><li>Opera: Configuraci\u00f3n &gt; Opciones &gt; Avanzado &gt; Cookies. Para m\u00e1s informaci\u00f3n, puede consultar el soporte de Opera o la Ayuda del navegador.<\/li><\/ol><p>Si usa otro navegador distinto a los anteriores, consulte su pol\u00edtica de instalaci\u00f3n, uso y bloqueo de cookies.<\/p><p>En el caso de bloquear o no aceptar la instalaci\u00f3n de cookies, es posible que ciertos servicios no est\u00e9n disponibles sin la utilizaci\u00f3n de \u00e9stas o que no pueda acceder a determinados servicios ni tampoco aprovechar por completo todo lo que nuestras webs y aplicaciones le ofrecen.<\/p><p>\u00a0<\/p><p><b>Fecha de actualizaci\u00f3n: 19 de abril de 2023.<br \/><br \/><\/b><\/p>\t\t\t\t\t\t\t\t<\/div>\n\t\t\t\t<\/div>\n\t\t\t\t\t<\/div>\n\t\t<\/div>\n\t\t\t\t\t<\/div>\n\t\t<\/section>\n\t\t\t\t<\/div>","protected":false},"excerpt":{"rendered":"<p>Pol\u00edtica de cookies Le informamos que el Responsable del tratamiento de sus datos personales ser\u00e1 realizado por Arch Florida Limited Liability Company (LLC) (en adelante \u201cResponsable\u201d o \u201cARCH\u201d) con domicilio en 1000 Brickell Ave., Suite 725, Miami, Florida, 33131 en Estados Unidos de Am\u00e9rica. \u00a0 \u00bfQu\u00e9 son las cookies? Son los archivos de datos que [&hellip;]<\/p>\n","protected":false},"author":1,"featured_media":0,"parent":0,"menu_order":0,"comment_status":"closed","ping_status":"closed","template":"","meta":{"_coblocks_attr":"","_coblocks_dimensions":"","_coblocks_responsive_height":"","_coblocks_accordion_ie_support":"","inline_featured_image":false,"footnotes":""},"class_list":["post-1904","page","type-page","status-publish","hentry"],"yoast_head":"<!-- This site is optimized with the Yoast SEO plugin v27.0 - https:\/\/yoast.com\/product\/yoast-seo-wordpress\/ -->\n<title>Cookies Policy - We are a multinational company with the fastest growth on the continent.<\/title>\n<meta name=\"robots\" content=\"index, follow, max-snippet:-1, max-image-preview:large, max-video-preview:-1\" \/>\n<link rel=\"canonical\" href=\"https:\/\/archresourcesgroup.com\/es\/cookies\/\" \/>\n<meta property=\"og:locale\" content=\"es_MX\" \/>\n<meta property=\"og:type\" content=\"article\" \/>\n<meta property=\"og:title\" content=\"Cookies Policy - We are a multinational company with the fastest growth on the continent.\" \/>\n<meta property=\"og:description\" content=\"Pol\u00edtica de cookies Le informamos que el Responsable del tratamiento de sus datos personales ser\u00e1 realizado por Arch Florida Limited Liability Company (LLC) (en adelante \u201cResponsable\u201d o \u201cARCH\u201d) con domicilio en 1000 Brickell Ave., Suite 725, Miami, Florida, 33131 en Estados Unidos de Am\u00e9rica. \u00a0 \u00bfQu\u00e9 son las cookies? Son los archivos de datos que [&hellip;]\" \/>\n<meta property=\"og:url\" content=\"https:\/\/archresourcesgroup.com\/es\/cookies\/\" \/>\n<meta property=\"og:site_name\" content=\"We are a multinational company with the fastest growth on the continent.\" \/>\n<meta property=\"article:modified_time\" content=\"2023-05-02T22:47:22+00:00\" \/>\n<meta name=\"twitter:card\" content=\"summary_large_image\" \/>\n<meta name=\"twitter:label1\" content=\"Tiempo de lectura\" \/>\n\t<meta name=\"twitter:data1\" content=\"11 minutos\" \/>\n<script type=\"application\/ld+json\" class=\"yoast-schema-graph\">{\"@context\":\"https:\/\/schema.org\",\"@graph\":[{\"@type\":\"WebPage\",\"@id\":\"https:\/\/archresourcesgroup.com\/cookies\/\",\"url\":\"https:\/\/archresourcesgroup.com\/cookies\/\",\"name\":\"Cookies Policy - We are a multinational company with the fastest growth on the continent.\",\"isPartOf\":{\"@id\":\"https:\/\/archresourcesgroup.com\/#website\"},\"datePublished\":\"2023-04-24T19:49:37+00:00\",\"dateModified\":\"2023-05-02T22:47:22+00:00\",\"breadcrumb\":{\"@id\":\"https:\/\/archresourcesgroup.com\/cookies\/#breadcrumb\"},\"inLanguage\":\"es-MX\",\"potentialAction\":[{\"@type\":\"ReadAction\",\"target\":[\"https:\/\/archresourcesgroup.com\/cookies\/\"]}]},{\"@type\":\"BreadcrumbList\",\"@id\":\"https:\/\/archresourcesgroup.com\/cookies\/#breadcrumb\",\"itemListElement\":[{\"@type\":\"ListItem\",\"position\":1,\"name\":\"Home\",\"item\":\"https:\/\/archresourcesgroup.com\/\"},{\"@type\":\"ListItem\",\"position\":2,\"name\":\"Cookies Policy\"}]},{\"@type\":\"WebSite\",\"@id\":\"https:\/\/archresourcesgroup.com\/#website\",\"url\":\"https:\/\/archresourcesgroup.com\/\",\"name\":\"We are a multinational company with the fastest growth on the continent.\",\"description\":\"We provide you with a Human Capital solutions ecosystem based on innovation and technology.\",\"publisher\":{\"@id\":\"https:\/\/archresourcesgroup.com\/#organization\"},\"potentialAction\":[{\"@type\":\"SearchAction\",\"target\":{\"@type\":\"EntryPoint\",\"urlTemplate\":\"https:\/\/archresourcesgroup.com\/?s={search_term_string}\"},\"query-input\":{\"@type\":\"PropertyValueSpecification\",\"valueRequired\":true,\"valueName\":\"search_term_string\"}}],\"inLanguage\":\"es-MX\"},{\"@type\":\"Organization\",\"@id\":\"https:\/\/archresourcesgroup.com\/#organization\",\"name\":\"We are a multinational company with the fastest growth on the continent.\",\"url\":\"https:\/\/archresourcesgroup.com\/\",\"logo\":{\"@type\":\"ImageObject\",\"inLanguage\":\"es-MX\",\"@id\":\"https:\/\/archresourcesgroup.com\/#\/schema\/logo\/image\/\",\"url\":\"https:\/\/archresourcesgroup.com\/wp-content\/uploads\/2023\/03\/logo-ARCH.svg\",\"contentUrl\":\"https:\/\/archresourcesgroup.com\/wp-content\/uploads\/2023\/03\/logo-ARCH.svg\",\"width\":771,\"height\":359,\"caption\":\"We are a multinational company with the fastest growth on the continent.\"},\"image\":{\"@id\":\"https:\/\/archresourcesgroup.com\/#\/schema\/logo\/image\/\"}}]}<\/script>\n<!-- \/ Yoast SEO plugin. -->","yoast_head_json":{"title":"Cookies Policy - We are a multinational company with the fastest growth on the continent.","robots":{"index":"index","follow":"follow","max-snippet":"max-snippet:-1","max-image-preview":"max-image-preview:large","max-video-preview":"max-video-preview:-1"},"canonical":"https:\/\/archresourcesgroup.com\/es\/cookies\/","og_locale":"es_MX","og_type":"article","og_title":"Cookies Policy - We are a multinational company with the fastest growth on the continent.","og_description":"Pol\u00edtica de cookies Le informamos que el Responsable del tratamiento de sus datos personales ser\u00e1 realizado por Arch Florida Limited Liability Company (LLC) (en adelante \u201cResponsable\u201d o \u201cARCH\u201d) con domicilio en 1000 Brickell Ave., Suite 725, Miami, Florida, 33131 en Estados Unidos de Am\u00e9rica. \u00a0 \u00bfQu\u00e9 son las cookies? Son los archivos de datos que [&hellip;]","og_url":"https:\/\/archresourcesgroup.com\/es\/cookies\/","og_site_name":"We are a multinational company with the fastest growth on the continent.","article_modified_time":"2023-05-02T22:47:22+00:00","twitter_card":"summary_large_image","twitter_misc":{"Tiempo de lectura":"11 minutos"},"schema":{"@context":"https:\/\/schema.org","@graph":[{"@type":"WebPage","@id":"https:\/\/archresourcesgroup.com\/cookies\/","url":"https:\/\/archresourcesgroup.com\/cookies\/","name":"Cookies Policy - We are a multinational company with the fastest growth on the continent.","isPartOf":{"@id":"https:\/\/archresourcesgroup.com\/#website"},"datePublished":"2023-04-24T19:49:37+00:00","dateModified":"2023-05-02T22:47:22+00:00","breadcrumb":{"@id":"https:\/\/archresourcesgroup.com\/cookies\/#breadcrumb"},"inLanguage":"es-MX","potentialAction":[{"@type":"ReadAction","target":["https:\/\/archresourcesgroup.com\/cookies\/"]}]},{"@type":"BreadcrumbList","@id":"https:\/\/archresourcesgroup.com\/cookies\/#breadcrumb","itemListElement":[{"@type":"ListItem","position":1,"name":"Home","item":"https:\/\/archresourcesgroup.com\/"},{"@type":"ListItem","position":2,"name":"Cookies Policy"}]},{"@type":"WebSite","@id":"https:\/\/archresourcesgroup.com\/#website","url":"https:\/\/archresourcesgroup.com\/","name":"We are a multinational company with the fastest growth on the continent.","description":"We provide you with a Human Capital solutions ecosystem based on innovation and technology.","publisher":{"@id":"https:\/\/archresourcesgroup.com\/#organization"},"potentialAction":[{"@type":"SearchAction","target":{"@type":"EntryPoint","urlTemplate":"https:\/\/archresourcesgroup.com\/?s={search_term_string}"},"query-input":{"@type":"PropertyValueSpecification","valueRequired":true,"valueName":"search_term_string"}}],"inLanguage":"es-MX"},{"@type":"Organization","@id":"https:\/\/archresourcesgroup.com\/#organization","name":"We are a multinational company with the fastest growth on the continent.","url":"https:\/\/archresourcesgroup.com\/","logo":{"@type":"ImageObject","inLanguage":"es-MX","@id":"https:\/\/archresourcesgroup.com\/#\/schema\/logo\/image\/","url":"https:\/\/archresourcesgroup.com\/wp-content\/uploads\/2023\/03\/logo-ARCH.svg","contentUrl":"https:\/\/archresourcesgroup.com\/wp-content\/uploads\/2023\/03\/logo-ARCH.svg","width":771,"height":359,"caption":"We are a multinational company with the fastest growth on the continent."},"image":{"@id":"https:\/\/archresourcesgroup.com\/#\/schema\/logo\/image\/"}}]}},"_links":{"self":[{"href":"https:\/\/archresourcesgroup.com\/es\/wp-json\/wp\/v2\/pages\/1904","targetHints":{"allow":["GET"]}}],"collection":[{"href":"https:\/\/archresourcesgroup.com\/es\/wp-json\/wp\/v2\/pages"}],"about":[{"href":"https:\/\/archresourcesgroup.com\/es\/wp-json\/wp\/v2\/types\/page"}],"author":[{"embeddable":true,"href":"https:\/\/archresourcesgroup.com\/es\/wp-json\/wp\/v2\/users\/1"}],"replies":[{"embeddable":true,"href":"https:\/\/archresourcesgroup.com\/es\/wp-json\/wp\/v2\/comments?post=1904"}],"version-history":[{"count":29,"href":"https:\/\/archresourcesgroup.com\/es\/wp-json\/wp\/v2\/pages\/1904\/revisions"}],"predecessor-version":[{"id":2236,"href":"https:\/\/archresourcesgroup.com\/es\/wp-json\/wp\/v2\/pages\/1904\/revisions\/2236"}],"wp:attachment":[{"href":"https:\/\/archresourcesgroup.com\/es\/wp-json\/wp\/v2\/media?parent=1904"}],"curies":[{"name":"wp","href":"https:\/\/api.w.org\/{rel}","templated":true}]}}