{"id":17284,"date":"2024-04-02T16:30:19","date_gmt":"2024-04-02T22:30:19","guid":{"rendered":"http:\/\/archresourcesgroup.com\/honesty\/?page_id=17284"},"modified":"2025-02-19T14:29:02","modified_gmt":"2025-02-19T20:29:02","slug":"prueba","status":"publish","type":"page","link":"https:\/\/archresourcesgroup.com\/honesty\/","title":{"rendered":"Honesty ARCH LATAM"},"content":{"rendered":"\t\t<div data-elementor-type=\"wp-page\" data-elementor-id=\"17284\" class=\"elementor elementor-17284\" data-elementor-post-type=\"page\">\n\t\t\t\t\t\t<section class=\"elementor-section elementor-top-section elementor-element elementor-element-12f4749a elementor-section-height-min-height elementor-section-full_width elementor-section-content-middle elementor-section-height-default elementor-section-items-middle\" data-id=\"12f4749a\" data-element_type=\"section\" data-e-type=\"section\">\n\t\t\t\t\t\t<div class=\"elementor-container elementor-column-gap-default\">\n\t\t\t\t\t<div class=\"elementor-column elementor-col-100 elementor-top-column elementor-element elementor-element-28afa47f\" data-id=\"28afa47f\" data-element_type=\"column\" data-e-type=\"column\" data-settings=\"{&quot;background_background&quot;:&quot;classic&quot;}\">\n\t\t\t<div class=\"elementor-widget-wrap elementor-element-populated\">\n\t\t\t\t\t\t<div class=\"elementor-element elementor-element-628b623e elementor-widget elementor-widget-heading\" data-id=\"628b623e\" data-element_type=\"widget\" data-e-type=\"widget\" data-widget_type=\"heading.default\">\n\t\t\t\t<div class=\"elementor-widget-container\">\n\t\t\t\t\t<h1 class=\"elementor-heading-title elementor-size-default\">HONESTY<\/h1>\t\t\t\t<\/div>\n\t\t\t\t<\/div>\n\t\t\t\t<div class=\"elementor-element elementor-element-92081b3 elementor-widget elementor-widget-text-editor\" data-id=\"92081b3\" data-element_type=\"widget\" data-e-type=\"widget\" data-widget_type=\"text-editor.default\">\n\t\t\t\t<div class=\"elementor-widget-container\">\n\t\t\t\t\t\t\t\t\t<p class=\"x_MsoNormal\" style=\"font-size: 20px; margin: 0px 0px 20px 0px;\"><b><span class=\"ui-provider a b c d e f g h i j k l m n o p q r s t u v w x y z ab ac ae af ag ah ai aj ak\" dir=\"ltr\">Bienvenido a la l\u00ednea \u00e9tica de<\/span> ARCH Resources Group<\/b><\/p><p class=\"x_MsoNormal\"><span class=\"ui-provider a b c d e f g h i j k l m n o p q r s t u v w x y z ab ac ae af ag ah ai aj ak\" dir=\"ltr\">Un sitio en el cual podr\u00e1s conocer m\u00e1s sobre nuestro C\u00f3digo de \u00c9tica Global y un canal de comunicaci\u00f3n a trav\u00e9s del cual podemos escucharte.<\/span><\/p>\t\t\t\t\t\t\t\t<\/div>\n\t\t\t\t<\/div>\n\t\t\t\t\t<\/div>\n\t\t<\/div>\n\t\t\t\t\t<\/div>\n\t\t<\/section>\n\t\t\t\t<section class=\"elementor-section elementor-top-section elementor-element elementor-element-66d13952 elementor-section-boxed elementor-section-height-default elementor-section-height-default\" data-id=\"66d13952\" data-element_type=\"section\" data-e-type=\"section\" data-settings=\"{&quot;background_background&quot;:&quot;classic&quot;}\">\n\t\t\t\t\t\t<div class=\"elementor-container elementor-column-gap-default\">\n\t\t\t\t\t<div class=\"elementor-column elementor-col-100 elementor-top-column elementor-element elementor-element-18a0fef8\" data-id=\"18a0fef8\" data-element_type=\"column\" data-e-type=\"column\">\n\t\t\t<div class=\"elementor-widget-wrap elementor-element-populated\">\n\t\t\t\t\t\t<div class=\"elementor-element elementor-element-60af3521 elementor-widget elementor-widget-heading\" data-id=\"60af3521\" data-element_type=\"widget\" data-e-type=\"widget\" data-widget_type=\"heading.default\">\n\t\t\t\t<div class=\"elementor-widget-container\">\n\t\t\t\t\t<h1 class=\"elementor-heading-title elementor-size-xxl\">#HONESTY<\/h1>\t\t\t\t<\/div>\n\t\t\t\t<\/div>\n\t\t\t\t<div class=\"elementor-element elementor-element-378a5cba elementor-widget elementor-widget-text-editor\" data-id=\"378a5cba\" data-element_type=\"widget\" data-e-type=\"widget\" data-widget_type=\"text-editor.default\">\n\t\t\t\t<div class=\"elementor-widget-container\">\n\t\t\t\t\t\t\t\t\t<p>En nuestra b\u00fasqueda constante por asegurar el desarrollo y consolidaci\u00f3n de nuestros valores \u00e9ticos como organizaci\u00f3n, hemos realizado la actualizaci\u00f3n de nuestro <b>Sistema de Gesti\u00f3n y L\u00ednea \u00c9tica Global, <\/b>el cual busca atender las consultas, dudas o denuncias a trav\u00e9s de una plataforma de f\u00e1cil acceso.<br \/><br \/><\/p><p>Este ser\u00e1 nuestro canal oficial de comunicaci\u00f3n ante cualquier duda o inquietud respecto a la aplicaci\u00f3n de nuestro <b>\u201cC\u00f3digo de \u00c9tica Global\u201d,<\/b> as\u00ed como la v\u00eda para recepci\u00f3n de denuncias cuando se tenga conocimiento de alg\u00fan incumplimiento al mismo.<br \/><br \/><\/p><p>Te invitamos a que tengas plena confianza en que tu consulta o denuncia ser\u00e1 tratada de manera confidencial en todo momento. Estamos seguros de que har\u00e1s buen uso de este canal y cuentas desde ahora con el respaldo de la compa\u00f1\u00eda. Todo ha sido pensado para apoyarte en lo que requieras.<br \/><br \/><\/p><p>Tenemos confianza en que nuestro compromiso con la \u00e9tica y la integridad continuar\u00e1 gui\u00e1ndonos por el camino del \u00e9xito como equipo. <br \/><br \/><b style=\"text-align: center; display: block; font-size: 20px;\">Bienvenido.<\/b><\/p>\t\t\t\t\t\t\t\t<\/div>\n\t\t\t\t<\/div>\n\t\t\t\t<section class=\"elementor-section elementor-inner-section elementor-element elementor-element-9e51e4d elementor-section-boxed elementor-section-height-default elementor-section-height-default\" data-id=\"9e51e4d\" data-element_type=\"section\" data-e-type=\"section\">\n\t\t\t\t\t\t<div class=\"elementor-container elementor-column-gap-default\">\n\t\t\t\t\t<div class=\"elementor-column elementor-col-100 elementor-inner-column elementor-element elementor-element-e0305ec\" data-id=\"e0305ec\" data-element_type=\"column\" data-e-type=\"column\">\n\t\t\t<div class=\"elementor-widget-wrap elementor-element-populated\">\n\t\t\t\t\t\t<div class=\"elementor-element elementor-element-149b477 elementor-widget elementor-widget-text-editor\" data-id=\"149b477\" data-element_type=\"widget\" data-e-type=\"widget\" data-widget_type=\"text-editor.default\">\n\t\t\t\t<div class=\"elementor-widget-container\">\n\t\t\t\t\t\t\t\t\tFausto Mu\u00f1\u00edz Pati\u00f1o\t\t\t\t\t\t\t\t<\/div>\n\t\t\t\t<\/div>\n\t\t\t\t<div class=\"elementor-element elementor-element-e552239 elementor-widget elementor-widget-text-editor\" data-id=\"e552239\" data-element_type=\"widget\" data-e-type=\"widget\" data-widget_type=\"text-editor.default\">\n\t\t\t\t<div class=\"elementor-widget-container\">\n\t\t\t\t\t\t\t\t\tChairman of the Board\t\t\t\t\t\t\t\t<\/div>\n\t\t\t\t<\/div>\n\t\t\t\t\t<\/div>\n\t\t<\/div>\n\t\t\t\t\t<\/div>\n\t\t<\/section>\n\t\t\t\t\t<\/div>\n\t\t<\/div>\n\t\t\t\t\t<\/div>\n\t\t<\/section>\n\t\t\t\t<section class=\"elementor-section elementor-top-section elementor-element elementor-element-61ff7a44 elementor-section-height-min-height elementor-section-boxed elementor-section-height-default elementor-section-items-middle\" data-id=\"61ff7a44\" data-element_type=\"section\" data-e-type=\"section\" data-settings=\"{&quot;background_background&quot;:&quot;classic&quot;}\">\n\t\t\t\t\t\t<div class=\"elementor-container elementor-column-gap-default\">\n\t\t\t\t\t<div class=\"elementor-column elementor-col-100 elementor-top-column elementor-element elementor-element-11268639\" data-id=\"11268639\" data-element_type=\"column\" data-e-type=\"column\">\n\t\t\t<div class=\"elementor-widget-wrap elementor-element-populated\">\n\t\t\t\t\t\t<div class=\"elementor-element elementor-element-bfb0e6c elementor-widget elementor-widget-text-editor\" data-id=\"bfb0e6c\" data-element_type=\"widget\" data-e-type=\"widget\" data-widget_type=\"text-editor.default\">\n\t\t\t\t<div class=\"elementor-widget-container\">\n\t\t\t\t\t\t\t\t\t<p>Las disposiciones contenidas en el C\u00f3digo de \u00c9tica Global son de aplicaci\u00f3n obligatoria para los accionistas, consejeros, CEO, presidentes, directores, gerentes, coordinadores, jefes y en general para empleados de cualesquiera de las compa\u00f1\u00edas que conforman el ARCH RESOURCES, en cualquiera de los pa\u00edses en donde tenemos operaciones. \u00a0Adem\u00e1s, los terceros, como los consultores, agentes y proveedores, deben cumplir con el C\u00f3digo de \u00c9tica Global cuando act\u00faan en nombre de ARCH RESOURCES GROUP.<\/p>\t\t\t\t\t\t\t\t<\/div>\n\t\t\t\t<\/div>\n\t\t\t\t<div class=\"elementor-element elementor-element-312239d elementor-align-center elementor-widget elementor-widget-button\" data-id=\"312239d\" data-element_type=\"widget\" data-e-type=\"widget\" data-widget_type=\"button.default\">\n\t\t\t\t<div class=\"elementor-widget-container\">\n\t\t\t\t\t\t\t\t\t<div class=\"elementor-button-wrapper\">\n\t\t\t\t\t<a class=\"elementor-button elementor-button-link elementor-size-sm\" href=\"https:\/\/archresourcesgroup.com\/honesty\/codigo-de-etica-global\/\">\n\t\t\t\t\t\t<span class=\"elementor-button-content-wrapper\">\n\t\t\t\t\t\t\t\t\t<span class=\"elementor-button-text\">CONSULTA NUESTRO C\u00d3DIGO DE \u00c9TICA GLOBAL<\/span>\n\t\t\t\t\t<\/span>\n\t\t\t\t\t<\/a>\n\t\t\t\t<\/div>\n\t\t\t\t\t\t\t\t<\/div>\n\t\t\t\t<\/div>\n\t\t\t\t<div class=\"elementor-element elementor-element-be59ce1 elementor-widget elementor-widget-text-editor\" data-id=\"be59ce1\" data-element_type=\"widget\" data-e-type=\"widget\" data-widget_type=\"text-editor.default\">\n\t\t\t\t<div class=\"elementor-widget-container\">\n\t\t\t\t\t\t\t\t\t<h5><b>L\u00ednea \u00c9tica: sistema de recepci\u00f3n y tr\u00e1mite de inquietudes.<\/b><\/h5>\n<p>Puedes enviar abiertamente, confidencialmente o de forma an\u00f3nima, las denuncias, preguntas o asuntos acerca de violaciones al C\u00f3digo de \u00c9tica Global, conductas y situaciones que consideren anti\u00e9ticas, y que vayan en contra de las normas aqu\u00ed establecidas o asuntos que surjan en la Compa\u00f1\u00eda relacionados con el incumplimiento de normas, procedimientos, regulaciones, pol\u00edticas, y est\u00e1ndares de conducta incluyendo las normas anticorrupci\u00f3n.<\/p>\t\t\t\t\t\t\t\t<\/div>\n\t\t\t\t<\/div>\n\t\t\t\t<section class=\"elementor-section elementor-inner-section elementor-element elementor-element-bce1079 elementor-section-boxed elementor-section-height-default elementor-section-height-default\" data-id=\"bce1079\" data-element_type=\"section\" data-e-type=\"section\">\n\t\t\t\t\t\t<div class=\"elementor-container elementor-column-gap-default\">\n\t\t\t\t\t<div class=\"elementor-column elementor-col-50 elementor-inner-column elementor-element elementor-element-b2b81f4\" data-id=\"b2b81f4\" data-element_type=\"column\" data-e-type=\"column\">\n\t\t\t<div class=\"elementor-widget-wrap elementor-element-populated\">\n\t\t\t\t\t\t<div class=\"elementor-element elementor-element-5fd01d6 elementor-align-center elementor-widget elementor-widget-button\" data-id=\"5fd01d6\" data-element_type=\"widget\" data-e-type=\"widget\" data-widget_type=\"button.default\">\n\t\t\t\t<div class=\"elementor-widget-container\">\n\t\t\t\t\t\t\t\t\t<div class=\"elementor-button-wrapper\">\n\t\t\t\t\t<a class=\"elementor-button elementor-button-link elementor-size-sm\" href=\"#elementor-action%3Aaction%3Dpopup%3Aopen%26settings%3DeyJpZCI6IjE3NDE3IiwidG9nZ2xlIjpmYWxzZX0%3D\">\n\t\t\t\t\t\t<span class=\"elementor-button-content-wrapper\">\n\t\t\t\t\t\t\t\t\t<span class=\"elementor-button-text\">solicitud con DATOS<\/span>\n\t\t\t\t\t<\/span>\n\t\t\t\t\t<\/a>\n\t\t\t\t<\/div>\n\t\t\t\t\t\t\t\t<\/div>\n\t\t\t\t<\/div>\n\t\t\t\t\t<\/div>\n\t\t<\/div>\n\t\t\t\t<div class=\"elementor-column elementor-col-50 elementor-inner-column elementor-element elementor-element-1285382\" data-id=\"1285382\" data-element_type=\"column\" data-e-type=\"column\">\n\t\t\t<div class=\"elementor-widget-wrap elementor-element-populated\">\n\t\t\t\t\t\t<div class=\"elementor-element elementor-element-8cb2085 elementor-align-center elementor-widget elementor-widget-button\" data-id=\"8cb2085\" data-element_type=\"widget\" data-e-type=\"widget\" data-widget_type=\"button.default\">\n\t\t\t\t<div class=\"elementor-widget-container\">\n\t\t\t\t\t\t\t\t\t<div class=\"elementor-button-wrapper\">\n\t\t\t\t\t<a class=\"elementor-button elementor-button-link elementor-size-sm\" href=\"#elementor-action%3Aaction%3Dpopup%3Aopen%26settings%3DeyJpZCI6IjE3NDA3IiwidG9nZ2xlIjpmYWxzZX0%3D\">\n\t\t\t\t\t\t<span class=\"elementor-button-content-wrapper\">\n\t\t\t\t\t\t\t\t\t<span class=\"elementor-button-text\">solicitud AN\u00d3NIMA <\/span>\n\t\t\t\t\t<\/span>\n\t\t\t\t\t<\/a>\n\t\t\t\t<\/div>\n\t\t\t\t\t\t\t\t<\/div>\n\t\t\t\t<\/div>\n\t\t\t\t\t<\/div>\n\t\t<\/div>\n\t\t\t\t\t<\/div>\n\t\t<\/section>\n\t\t\t\t\t<\/div>\n\t\t<\/div>\n\t\t\t\t\t<\/div>\n\t\t<\/section>\n\t\t\t\t<\/div>\n\t\t","protected":false},"excerpt":{"rendered":"<p>Honesty<\/p>\n","protected":false},"author":1,"featured_media":0,"parent":0,"menu_order":0,"comment_status":"closed","ping_status":"closed","template":"","meta":{"_coblocks_attr":"","_coblocks_dimensions":"","_coblocks_responsive_height":"","_coblocks_accordion_ie_support":"","inline_featured_image":false,"footnotes":""},"class_list":["post-17284","page","type-page","status-publish","hentry"],"_links":{"self":[{"href":"https:\/\/archresourcesgroup.com\/honesty\/wp-json\/wp\/v2\/pages\/17284","targetHints":{"allow":["GET"]}}],"collection":[{"href":"https:\/\/archresourcesgroup.com\/honesty\/wp-json\/wp\/v2\/pages"}],"about":[{"href":"https:\/\/archresourcesgroup.com\/honesty\/wp-json\/wp\/v2\/types\/page"}],"author":[{"embeddable":true,"href":"https:\/\/archresourcesgroup.com\/honesty\/wp-json\/wp\/v2\/users\/1"}],"replies":[{"embeddable":true,"href":"https:\/\/archresourcesgroup.com\/honesty\/wp-json\/wp\/v2\/comments?post=17284"}],"version-history":[{"count":106,"href":"https:\/\/archresourcesgroup.com\/honesty\/wp-json\/wp\/v2\/pages\/17284\/revisions"}],"predecessor-version":[{"id":17960,"href":"https:\/\/archresourcesgroup.com\/honesty\/wp-json\/wp\/v2\/pages\/17284\/revisions\/17960"}],"wp:attachment":[{"href":"https:\/\/archresourcesgroup.com\/honesty\/wp-json\/wp\/v2\/media?parent=17284"}],"curies":[{"name":"wp","href":"https:\/\/api.w.org\/{rel}","templated":true}]}}