{"id":17648,"date":"2024-04-16T14:28:55","date_gmt":"2024-04-16T20:28:55","guid":{"rendered":"http:\/\/archresourcesgroup.com\/honesty\/?page_id=17648"},"modified":"2024-04-16T14:30:56","modified_gmt":"2024-04-16T20:30:56","slug":"avisos-de-privacidad-argentina","status":"publish","type":"page","link":"https:\/\/archresourcesgroup.com\/honesty\/avisos-de-privacidad-argentina\/","title":{"rendered":"Avisos de Privacidad Argentina"},"content":{"rendered":"\t\t<div data-elementor-type=\"wp-page\" data-elementor-id=\"17648\" class=\"elementor elementor-17648\" data-elementor-post-type=\"page\">\n\t\t\t\t\t\t<section class=\"elementor-section elementor-top-section elementor-element elementor-element-7298d41 elementor-section-boxed elementor-section-height-default elementor-section-height-default\" data-id=\"7298d41\" data-element_type=\"section\" data-e-type=\"section\">\n\t\t\t\t\t\t<div class=\"elementor-container elementor-column-gap-default\">\n\t\t\t\t\t<div class=\"elementor-column elementor-col-100 elementor-top-column elementor-element elementor-element-47b91b2\" data-id=\"47b91b2\" data-element_type=\"column\" data-e-type=\"column\">\n\t\t\t<div class=\"elementor-widget-wrap elementor-element-populated\">\n\t\t\t\t\t\t<div class=\"elementor-element elementor-element-74ef068 elementor-widget elementor-widget-spacer\" data-id=\"74ef068\" data-element_type=\"widget\" data-e-type=\"widget\" data-widget_type=\"spacer.default\">\n\t\t\t\t<div class=\"elementor-widget-container\">\n\t\t\t\t\t\t\t<div class=\"elementor-spacer\">\n\t\t\t<div class=\"elementor-spacer-inner\"><\/div>\n\t\t<\/div>\n\t\t\t\t\t\t<\/div>\n\t\t\t\t<\/div>\n\t\t\t\t<div class=\"elementor-element elementor-element-f12eb18 elementor-widget elementor-widget-heading\" data-id=\"f12eb18\" data-element_type=\"widget\" data-e-type=\"widget\" data-widget_type=\"heading.default\">\n\t\t\t\t<div class=\"elementor-widget-container\">\n\t\t\t\t\t<h2 class=\"elementor-heading-title elementor-size-xl\">Aviso de Privacidad<\/h2>\t\t\t\t<\/div>\n\t\t\t\t<\/div>\n\t\t\t\t<div class=\"elementor-element elementor-element-5c1a33b elementor-widget elementor-widget-spacer\" data-id=\"5c1a33b\" data-element_type=\"widget\" data-e-type=\"widget\" data-widget_type=\"spacer.default\">\n\t\t\t\t<div class=\"elementor-widget-container\">\n\t\t\t\t\t\t\t<div class=\"elementor-spacer\">\n\t\t\t<div class=\"elementor-spacer-inner\"><\/div>\n\t\t<\/div>\n\t\t\t\t\t\t<\/div>\n\t\t\t\t<\/div>\n\t\t\t\t<div class=\"elementor-element elementor-element-72898fb elementor-widget elementor-widget-text-editor\" data-id=\"72898fb\" data-element_type=\"widget\" data-e-type=\"widget\" data-widget_type=\"text-editor.default\">\n\t\t\t\t<div class=\"elementor-widget-container\">\n\t\t\t\t\t\t\t\t\t<section class=\"elementor-section elementor-top-section elementor-element elementor-element-12d4aa3 elementor-section-boxed elementor-section-height-default elementor-section-height-default\" data-id=\"12d4aa3\" data-element_type=\"section\"><div class=\"elementor-container elementor-column-gap-default\"><div class=\"elementor-column elementor-col-100 elementor-top-column elementor-element elementor-element-50ab073\" data-id=\"50ab073\" data-element_type=\"column\"><div class=\"elementor-widget-wrap elementor-element-populated\"><section class=\"elementor-section elementor-inner-section elementor-element elementor-element-ed39e15 bloque_informativo elementor-section-boxed elementor-section-height-default elementor-section-height-default\" data-id=\"ed39e15\" data-element_type=\"section\"><div class=\"elementor-container elementor-column-gap-default\"><div class=\"elementor-column elementor-col-100 elementor-inner-column elementor-element elementor-element-d0b370d\" data-id=\"d0b370d\" data-element_type=\"column\"><div class=\"elementor-widget-wrap elementor-element-populated\"><div class=\"elementor-element elementor-element-00beb6e elementor-widget elementor-widget-text-editor\" data-id=\"00beb6e\" data-element_type=\"widget\" data-widget_type=\"text-editor.default\"><div class=\"elementor-widget-container\"><p>Comprometidos con la protecci\u00f3n de los datos personales que tratamos y apegado a principios conocidos internacionalmente en materia de materia de privacidad y\/o protecci\u00f3n de datos personales, en PAE ARGENTINA hemos adoptado acciones que nos permitan dar cumplimiento a dicho compromiso, por lo que a trav\u00e9s de \u00e9ste Aviso de Privacidad, nos permitimos hacer de su conocimiento, la informaci\u00f3n relativa a la existencia y caracter\u00edsticas principales del tratamiento al que ser\u00e1n sometidos sus datos personales.<br \/><span style=\"color: var( --e-global-color-text );\"><br \/><\/span><\/p><h5><span style=\"color: var( --e-global-color-text );\"><span style=\"font-size: 1.25rem;\">I. Datos personales recabados<\/span><\/span><\/h5><p><span style=\"color: var( --e-global-color-text ); font-family: var( --e-global-typography-text-font-family ), Sans-serif; font-weight: var( --e-global-typography-text-font-weight );\"><span style=\"font-size: 1rem;\">A efecto de cumplir con las finalidades se\u00f1aladas en el presente Aviso y en estricto apego a la normatividad en materia comercial y\/o mercantil de la Rep\u00fablica de Argentina, PAE ARGENTINA tratar\u00e1 datos de identificaci\u00f3n, laborales, contacto y ubicaci\u00f3n.<br \/><\/span><\/span><span style=\"color: var( --e-global-color-text ); font-family: var( --e-global-typography-text-font-family ), Sans-serif; font-weight: var( --e-global-typography-text-font-weight ); font-size: 1rem;\"><br \/>El usuario podr\u00e1 siempre actualizar sus informaciones personales por lo diversos canales disponibles en PAE Argentina.<br \/><\/span><span style=\"font-family: var( --e-global-typography-text-font-family ), Sans-serif; font-weight: var( --e-global-typography-text-font-weight ); color: var( --e-global-color-text );\"><br \/><span style=\"font-size: 1rem;\">Le informamos que no se tratar\u00e1n datos personales sensibles.<\/span><br \/><\/span><span style=\"color: var( --e-global-color-text );\"><br \/><\/span><\/p><h5><span style=\"color: var( --e-global-color-text );\"><span style=\"font-size: 1.25rem;\">II. Finalidades para el tratamiento<\/span><\/span><\/h5><p><span style=\"color: var( --e-global-color-text ); font-family: var( --e-global-typography-text-font-family ), Sans-serif; font-weight: var( --e-global-typography-text-font-weight );\"><span style=\"font-size: 20px;\"><br \/><\/span><span style=\"font-size: 1rem;\">PAE como Responsable del tratamiento tratar\u00e1 sus datos personales para las siguientes finalidades primarias:<\/span><\/span><\/p><\/div><\/div><\/div><\/div><\/div><\/section><\/div><\/div><\/div><\/section><section class=\"elementor-section elementor-top-section elementor-element elementor-element-61fe68e elementor-section-boxed elementor-section-height-default elementor-section-height-default\" data-id=\"61fe68e\" data-element_type=\"section\"><div class=\"elementor-container elementor-column-gap-default\"><div class=\"elementor-column elementor-col-100 elementor-top-column elementor-element elementor-element-7fce1dc\" data-id=\"7fce1dc\" data-element_type=\"column\"><div class=\"elementor-widget-wrap elementor-element-populated\"><section class=\"elementor-section elementor-inner-section elementor-element elementor-element-5abe6c8 bloque_informativo elementor-section-boxed elementor-section-height-default elementor-section-height-default\" data-id=\"5abe6c8\" data-element_type=\"section\"><div class=\"elementor-container elementor-column-gap-default\"><div class=\"elementor-column elementor-col-100 elementor-inner-column elementor-element elementor-element-daec01f\" data-id=\"daec01f\" data-element_type=\"column\"><div class=\"elementor-widget-wrap elementor-element-populated\"><div class=\"elementor-element elementor-element-ba33b83 elementor-widget elementor-widget-text-editor\" data-id=\"ba33b83\" data-element_type=\"widget\" data-widget_type=\"text-editor.default\"><div class=\"elementor-widget-container\"><ol><li>Contactar para prospectarlo como cliente para ofrecer servicios PAE por diversos medios, tales como tel\u00e9fono, correo electr\u00f3nico, mensajes SMS, herramientas de mensajer\u00eda instant\u00e1nea como Whatsapp o Telegram, o a trav\u00e9s de redes sociales.<\/li><li>Agendar citas para visitarlo o contactarlo y ofrecerle los servicios de PAE.<\/li><li>Dar seguimiento de las actividades realizadas con prospectos de clientes.<\/li><li>Presentarle propuestas comerciales y cotizaciones.<\/li><li>Dar seguimiento a las propuestas comerciales presentadas.<\/li><li>Realizar reportes estad\u00edsticos de las actividades realizadas con prospectos de clientes.<\/li><li>De acuerdo a la actividad del prospecto de cliente, realizar la clasificaci\u00f3n de clase de riesgo.<\/li><li>Realizar el documento en el que conste la relaci\u00f3n comercial con PAE.<\/li><li>Identificar a los representantes de las partes o a las partes.<\/li><li>Localizarlo para hacer efectivo el cumplimiento de obligaciones contractuales.<\/li><li>Identificarlo para prestar los servicios contratados.<\/li><li>Registrarlo como cliente a efecto de dar seguimiento y control a los servicios contratados.<\/li><li>Contactarlo para comunicarle situaciones relacionadas con la prestaci\u00f3n de los servicios contratados, y en su caso, la implementaci\u00f3n de los mismos.<\/li><li>Identificar situaciones de atenci\u00f3n particular para dar atenci\u00f3n al cliente y proponer, ejecutar y dar seguimiento a acciones correctivas.<\/li><li>Dar cumplimiento a obligaciones legales y\/o contractuales.<\/li><li>En su caso, prestar servicio de alta-baja de roles y de administraci\u00f3n, registrar, reportar la actividad y soporte t\u00e9cnico respecto de las herramientas o sistemas de las que haga uso y PAE tenga su administraci\u00f3n.<\/li><li>Aplicar encuestas de satisfacci\u00f3n de los servicios prestados por PAE.<\/li><li>Analizar los resultados de las encuestas de satisfacci\u00f3n de los servicios prestados por PAE.<\/li><li>Contactarlo para mejorar los servicios de PAE.<\/li><li>Tener comunicaci\u00f3n con usted para mejorar nuestros servicios y agradecer su preferencia.<\/li><li>Hacerle llegar las facturas que amparen el cobro de servicios prestados.<\/li><li>Realizar actos de cobranza, ya sea telef\u00f3nicamente, por correo o en su domicilio.<\/li><li>En su caso, hacerle llegar documentaci\u00f3n por mensajer\u00eda para su revisi\u00f3n, firma, aceptaci\u00f3n, conocimiento y\/o uso.<\/li><li>En su caso, identificarlo para autorizar su ingreso a instalaciones de PAE, y en su caso, gestionar su ingreso.<\/li><li>En caso de que se comunique v\u00eda telef\u00f3nica a PAE, brindarle la atenci\u00f3n requerida.<\/li><li>En su caso, dar seguimiento y atenci\u00f3n a solicitudes de tr\u00e1mites realizados ante PAE.<\/li><li>En su caso, dar seguimiento a obligaciones legales o contractuales.<\/li><li>En caso de estar en instalaciones de PAE y sufrir alg\u00fan accidente, prestarle el auxilio que sea requerido.<\/li><li>Realizar reportes de operaci\u00f3n, estad\u00edsticos o hist\u00f3ricos.<\/li><li>En su caso, a trav\u00e9s de sistemas de videovigilancia, el monitoreo de las actividades realizadas en instalaciones de PAE.<\/li><li>Proporcionar seguridad a trav\u00e9s de los sistemas de videovigilancia.<\/li><\/ol><\/div><\/div><div class=\"elementor-element elementor-element-0e1e05b elementor-widget__width-initial elementor-widget elementor-widget-heading\" data-id=\"0e1e05b\" data-element_type=\"widget\" data-widget_type=\"heading.default\"><div class=\"elementor-widget-container\"><h5>III. Finalidades secundarias<\/h5><\/div><\/div><div class=\"elementor-element elementor-element-e4036b1 elementor-widget elementor-widget-text-editor\" data-id=\"e4036b1\" data-element_type=\"widget\" data-widget_type=\"text-editor.default\"><div class=\"elementor-widget-container\"><p>Adicionalmente, utilizaremos sus datos personales para las siguientes finalidades secundarias:<\/p><ol><li>Invitarlo a eventos organizados por PAE.<\/li><li>Contar con un control de asistentes a eventos PAE.<\/li><li>Contar con evidencia de la ejecuci\u00f3n de eventos PAE.<\/li><li>Hacerle llegar informaci\u00f3n publicitaria de PAE.<\/li><li>Elaboraci\u00f3n y publicaci\u00f3n de publicidad con sus datos de identificaci\u00f3n.<\/li><\/ol><\/div><\/div><div class=\"elementor-element elementor-element-a061361 elementor-widget__width-initial elementor-widget elementor-widget-heading\" data-id=\"a061361\" data-element_type=\"widget\" data-widget_type=\"heading.default\"><div class=\"elementor-widget-container\"><h5>IV. Transferencias<\/h5><\/div><\/div><\/div><\/div><\/div><\/section><section class=\"elementor-section elementor-inner-section elementor-element elementor-element-d209ddb bloque_informativo elementor-section-boxed elementor-section-height-default elementor-section-height-default\" data-id=\"d209ddb\" data-element_type=\"section\"><div class=\"elementor-container elementor-column-gap-default\"><div class=\"elementor-column elementor-col-100 elementor-inner-column elementor-element elementor-element-4828087\" data-id=\"4828087\" data-element_type=\"column\"><div class=\"elementor-widget-wrap elementor-element-populated\"><div class=\"elementor-element elementor-element-d0da609 table_custom uael-header-sticky-no elementor-widget elementor-widget-uael-table\" data-id=\"d0da609\" data-element_type=\"widget\" data-widget_type=\"uael-table.default\"><div class=\"elementor-widget-container\"><div class=\"uael-table-wrapper\"><table id=\"uael-table-id-d0da609\" class=\"uael-text-break uael-column-rules uael-table\" data-sort-table=\"no\" data-show-entry=\"no\" data-searchable=\"no\" data-responsive=\"no\"><thead><tr class=\"uael-table-row\"><th class=\"sort-this elementor-repeater-item-295c25e uael-table-col uael-table-head-cell-text\" scope=\"col\" data-sort=\"0\"><span class=\"sort-style\"><span class=\"uael-table__text\"><span class=\"uael-table__text-inner\">Tercero receptor<\/span><\/span><\/span><\/th><th class=\"sort-this elementor-repeater-item-da13e94 uael-table-col uael-table-head-cell-text\" scope=\"col\" data-sort=\"1\"><span class=\"sort-style\"><span class=\"uael-table__text\"><span class=\"uael-table__text-inner\">Finalidad(es)<\/span><\/span><\/span><\/th><th class=\"sort-this elementor-repeater-item-2a60d5b uael-table-col uael-table-head-cell-text\" scope=\"col\" data-sort=\"2\"><span class=\"sort-style\"><span class=\"uael-table__text\"><span class=\"uael-table__text-inner\">Consentimiento<\/span><\/span><\/span><\/th><\/tr><\/thead><tbody><tr class=\"uael-table-row\" data-entry=\"1\"><td class=\"uael-table-col uael-table-body-cell-text elementor-repeater-item-d973d8e\" data-title=\" Tercero receptor\"><span class=\"uael-table__text\"><span class=\"uael-table__text-inner\">Empresas subsidiarias o filiales<\/span><\/span><\/td><td class=\"uael-table-col uael-table-body-cell-text elementor-repeater-item-3584ced\" data-title=\"Finalidad(es)\"><span class=\"uael-table__text\"><span class=\"uael-table__text-inner\">Tratamiento para finalidades primarias.<\/span><\/span><\/td><td class=\"uael-table-col uael-table-body-cell-text elementor-repeater-item-7b58c92\" data-title=\" Consentimiento\"><span class=\"uael-table__text\"><span class=\"uael-table__text-inner\">No necesario<\/span><\/span><\/td><\/tr><tr class=\"uael-table-row\" data-entry=\"2\"><td class=\"uael-table-col uael-table-body-cell-text elementor-repeater-item-071f981\" data-title=\" Tercero receptor\"><span class=\"uael-table__text\"><span class=\"uael-table__text-inner\">Autoridades competentes<\/span><\/span><\/td><td class=\"uael-table-col uael-table-body-cell-text elementor-repeater-item-4b0dfa5\" data-title=\"Finalidad(es)\"><span class=\"uael-table__text\"><span class=\"uael-table__text-inner\">Dar cumplimiento a requerimientos de autoridades competentes, previa solicitud debidamente fundada y motivada.<\/span><\/span><\/td><td class=\"uael-table-col uael-table-body-cell-text elementor-repeater-item-635aa15\" data-title=\" Consentimiento\"><span class=\"uael-table__text\"><span class=\"uael-table__text-inner\">No necesario<\/span><\/span><\/td><\/tr><tr class=\"uael-table-row\" data-entry=\"3\"><td class=\"uael-table-col uael-table-body-cell-text elementor-repeater-item-4f73f2c\" data-title=\" Tercero receptor\"><span class=\"uael-table__text\"><span class=\"uael-table__text-inner\">Empresas de arrendamiento de inmuebles en donde preste servicios PAE<\/span><\/span><\/td><td class=\"uael-table-col uael-table-body-cell-text elementor-repeater-item-c7f6b8d\" data-title=\"Finalidad(es)\"><span class=\"uael-table__text\"><span class=\"uael-table__text-inner\">Gestionar su acceso a instalaciones de PAE.<\/span><\/span><\/td><td class=\"uael-table-col uael-table-body-cell-text elementor-repeater-item-4884493\" data-title=\" Consentimiento\"><span class=\"uael-table__text\"><span class=\"uael-table__text-inner\">No necesario<\/span><\/span><\/td><\/tr><tr class=\"uael-table-row\" data-entry=\"4\"><td class=\"uael-table-col uael-table-body-cell-text elementor-repeater-item-152ed17\" data-title=\" Tercero receptor\"><span class=\"uael-table__text\"><span class=\"uael-table__text-inner\">Redes sociales<\/span><\/span><\/td><td class=\"uael-table-col uael-table-body-cell-text elementor-repeater-item-fa34398\" data-title=\"Finalidad(es)\"><span class=\"uael-table__text\"><span class=\"uael-table__text-inner\">Publicaci\u00f3n de informaci\u00f3n publicitaria en la que forme parte.<\/span><\/span><\/td><td class=\"uael-table-col uael-table-body-cell-text elementor-repeater-item-dfb9fea\" data-title=\" Consentimiento\"><span class=\"uael-table__text\"><span class=\"uael-table__text-inner\">No necesario<\/span><\/span><\/td><\/tr><tr class=\"uael-table-row\" data-entry=\"5\"><td class=\"uael-table-col uael-table-body-cell-text elementor-repeater-item-f72a6fe\" data-title=\" Tercero receptor\"><span class=\"uael-table__text\"><span class=\"uael-table__text-inner\">Nuevos prospectos de clientes PAE<\/span><\/span><\/td><td class=\"uael-table-col uael-table-body-cell-text elementor-repeater-item-7fb8b39\" data-title=\"Finalidad(es)\"><span class=\"uael-table__text\"><span class=\"uael-table__text-inner\">Contacto para pedir referencias respecto de los servicios prestados por PAE.<\/span><\/span><\/td><td class=\"uael-table-col uael-table-body-cell-text elementor-repeater-item-601f8ca\" data-title=\" Consentimiento\"><span class=\"uael-table__text\"><span class=\"uael-table__text-inner\">No necesario<\/span><\/span><\/td><\/tr><tr class=\"uael-table-row\" data-entry=\"6\"><td class=\"uael-table-col uael-table-body-cell-text elementor-repeater-item-6a314cc\" data-title=\" Tercero receptor\"><span class=\"uael-table__text\"><span class=\"uael-table__text-inner\">Servicios de Emergencia, Aseguradoras o Familiares<\/span><\/span><\/td><td class=\"uael-table-col uael-table-body-cell-text elementor-repeater-item-6c4a9d8\" data-title=\"Finalidad(es)\"><span class=\"uael-table__text\"><span class=\"uael-table__text-inner\">En caso de sufrir alg\u00fan accidente en las instalaciones de PAE y sea requerido prestarle auxilio.<\/span><\/span><\/td><td class=\"uael-table-col uael-table-body-cell-text elementor-repeater-item-28218fb\" data-title=\" Consentimiento\"><span class=\"uael-table__text\"><span class=\"uael-table__text-inner\">No necesario<\/span><\/span><\/td><\/tr><tr class=\"uael-table-row\" data-entry=\"7\"><td class=\"uael-table-col uael-table-body-cell-text elementor-repeater-item-d3a3c8c\" data-title=\" Tercero receptor\"><span class=\"uael-table__text\"><span class=\"uael-table__text-inner\">Empresas subsidiarias o filiales o socias<\/span><\/span><\/td><td class=\"uael-table-col uael-table-body-cell-text elementor-repeater-item-d60ee2a\" data-title=\"Finalidad(es)\"><span class=\"uael-table__text\"><span class=\"uael-table__text-inner\">Participaci\u00f3n en programas de lealtad, fidelidad, y en su caso, servicios orientados al crecimiento profesional y financiero.<\/span><\/span><\/td><td class=\"uael-table-col uael-table-body-cell-text elementor-repeater-item-40ed288\" data-title=\" Consentimiento\"><span class=\"uael-table__text\"><span class=\"uael-table__text-inner\">Necesario<\/span><\/span><\/td><\/tr><\/tbody><\/table><\/div><\/div><\/div><\/div><\/div><\/div><\/section><section class=\"elementor-section elementor-inner-section elementor-element elementor-element-0f40212 bloque_informativo elementor-section-boxed elementor-section-height-default elementor-section-height-default\" data-id=\"0f40212\" data-element_type=\"section\"><div class=\"elementor-container elementor-column-gap-default\"><div class=\"elementor-column elementor-col-100 elementor-inner-column elementor-element elementor-element-92a24a9\" data-id=\"92a24a9\" data-element_type=\"column\"><div class=\"elementor-widget-wrap elementor-element-populated\"><div class=\"elementor-element elementor-element-9859f65 elementor-widget__width-initial elementor-widget elementor-widget-heading\" data-id=\"9859f65\" data-element_type=\"widget\" data-widget_type=\"heading.default\"><div class=\"elementor-widget-container\"><h5>VI. Utilizaci\u00f3n de datos para marketing y publicidad<\/h5><\/div><\/div><div class=\"elementor-element elementor-element-db19a0c elementor-widget elementor-widget-text-editor\" data-id=\"db19a0c\" data-element_type=\"widget\" data-widget_type=\"text-editor.default\"><div class=\"elementor-widget-container\"><p>Toda la informaci\u00f3n que Ud. suministre a PAE Argentina en el presente sitio web, podr\u00e1 ser utilizada por PAE Argentina y terceros seleccionados para fines de marketing y publicidad, con previa autorizaci\u00f3n de la utilizaci\u00f3n de los datos para tal finalidad.<\/p><\/div><\/div><div class=\"elementor-element elementor-element-fc71ed7 elementor-widget__width-initial elementor-widget elementor-widget-heading\" data-id=\"fc71ed7\" data-element_type=\"widget\" data-widget_type=\"heading.default\"><div class=\"elementor-widget-container\"><h5>VII. Ejercicio de Derechos ARCO y\/o revocaci\u00f3n del consentimiento<\/h5><\/div><\/div><div class=\"elementor-element elementor-element-5fa22af elementor-widget elementor-widget-text-editor\" data-id=\"5fa22af\" data-element_type=\"widget\" data-widget_type=\"text-editor.default\"><div class=\"elementor-widget-container\"><p>En caso que usted o su representante legal deseen ejercer cualquiera de los derechos de acceso, rectificaci\u00f3n, cancelaci\u00f3n u oposici\u00f3n, tambi\u00e9n conocidos como derechos ARCO, as\u00ed como revocar su consentimiento para el tratamiento de sus datos, puede hacerlo comunic\u00e1ndose v\u00eda correo electr\u00f3nico a la direcci\u00f3n privacidad@pae.cc , el cual es administrado y atendido por nuestro Departamento de Compliance Global.<\/p><\/div><\/div><div class=\"elementor-element elementor-element-553ce1e elementor-widget__width-initial elementor-widget elementor-widget-heading\" data-id=\"553ce1e\" data-element_type=\"widget\" data-widget_type=\"heading.default\"><div class=\"elementor-widget-container\"><h5>VIII. Uso de Cookies, web beacons u otras tecnolog\u00edas similares<\/h5><\/div><\/div><div class=\"elementor-element elementor-element-535180b elementor-widget elementor-widget-text-editor\" data-id=\"535180b\" data-element_type=\"widget\" data-widget_type=\"text-editor.default\"><div class=\"elementor-widget-container\"><p>Le informamos que, a trav\u00e9s de nuestro sitio en internet utilizamos cookies y otras tecnolog\u00edas, a trav\u00e9s de las cuales es posible monitorear su comportamiento como usuario de internet, as\u00ed como brindarle un mejor servicio y experiencia al navegar en nuestra p\u00e1gina. Los datos personales que se pueden obtener a trav\u00e9s del uso de estas tecnolog\u00edas son los siguientes: ubicaciones, direcci\u00f3n IP de origen, navegador utilizado, sistema operativo, dispositivos de acceso. Estas tecnolog\u00edas podr\u00e1n deshabilitarse siguiendo los procedimientos del navegador de internet que utiliza.<br \/><br \/>Cualquier actualizaci\u00f3n al presente, ser\u00e1 publicada en nuestro sitio en Internet\u00a0<strong>https:\/\/ar.archlatam.com\/aviso-de-privacidad\/<br \/><br \/><\/strong><\/p><p><strong>Fecha de actualizaci\u00f3n: 20 de septiembre de 2021.<\/strong><\/p><\/div><\/div><\/div><\/div><\/div><\/section><\/div><\/div><\/div><\/section>\t\t\t\t\t\t\t\t<\/div>\n\t\t\t\t<\/div>\n\t\t\t\t<div class=\"elementor-element elementor-element-f87a91a elementor-widget elementor-widget-spacer\" data-id=\"f87a91a\" data-element_type=\"widget\" data-e-type=\"widget\" data-widget_type=\"spacer.default\">\n\t\t\t\t<div class=\"elementor-widget-container\">\n\t\t\t\t\t\t\t<div class=\"elementor-spacer\">\n\t\t\t<div class=\"elementor-spacer-inner\"><\/div>\n\t\t<\/div>\n\t\t\t\t\t\t<\/div>\n\t\t\t\t<\/div>\n\t\t\t\t\t<\/div>\n\t\t<\/div>\n\t\t\t\t\t<\/div>\n\t\t<\/section>\n\t\t\t\t<\/div>\n\t\t","protected":false},"excerpt":{"rendered":"<p>Aviso de Privacidad Comprometidos con la protecci\u00f3n de los datos personales que tratamos y apegado a principios conocidos internacionalmente en materia de materia de privacidad y\/o protecci\u00f3n de datos personales, en PAE ARGENTINA hemos adoptado acciones que nos permitan dar cumplimiento a dicho compromiso, por lo que a trav\u00e9s de \u00e9ste Aviso de Privacidad, nos [&hellip;]<\/p>\n","protected":false},"author":1,"featured_media":0,"parent":0,"menu_order":0,"comment_status":"closed","ping_status":"closed","template":"","meta":{"_coblocks_attr":"","_coblocks_dimensions":"","_coblocks_responsive_height":"","_coblocks_accordion_ie_support":"","inline_featured_image":false,"footnotes":""},"class_list":["post-17648","page","type-page","status-publish","hentry"],"_links":{"self":[{"href":"https:\/\/archresourcesgroup.com\/honesty\/wp-json\/wp\/v2\/pages\/17648","targetHints":{"allow":["GET"]}}],"collection":[{"href":"https:\/\/archresourcesgroup.com\/honesty\/wp-json\/wp\/v2\/pages"}],"about":[{"href":"https:\/\/archresourcesgroup.com\/honesty\/wp-json\/wp\/v2\/types\/page"}],"author":[{"embeddable":true,"href":"https:\/\/archresourcesgroup.com\/honesty\/wp-json\/wp\/v2\/users\/1"}],"replies":[{"embeddable":true,"href":"https:\/\/archresourcesgroup.com\/honesty\/wp-json\/wp\/v2\/comments?post=17648"}],"version-history":[{"count":4,"href":"https:\/\/archresourcesgroup.com\/honesty\/wp-json\/wp\/v2\/pages\/17648\/revisions"}],"predecessor-version":[{"id":17652,"href":"https:\/\/archresourcesgroup.com\/honesty\/wp-json\/wp\/v2\/pages\/17648\/revisions\/17652"}],"wp:attachment":[{"href":"https:\/\/archresourcesgroup.com\/honesty\/wp-json\/wp\/v2\/media?parent=17648"}],"curies":[{"name":"wp","href":"https:\/\/api.w.org\/{rel}","templated":true}]}}